{"id":9670,"date":"2024-09-12T22:11:31","date_gmt":"2024-09-12T20:11:31","guid":{"rendered":"https:\/\/clementicompany.com\/prodotto\/housse-de-four\/"},"modified":"2024-09-12T22:11:31","modified_gmt":"2024-09-12T20:11:31","slug":"housse-de-four","status":"publish","type":"product","link":"https:\/\/clementicompany.com\/fr\/produits\/housse-de-four\/","title":{"rendered":"Housse de four"},"content":{"rendered":"<p>Prot\u00e9gez votre four avec la housse sp\u00e9cialement con\u00e7ue \u00e0 cet effet. Fabriqu\u00e9e en tissu Poly, elle est imperm\u00e9able, respirante et anti\u2011UV, garantissant une protection maximale contre les intemp\u00e9ries. Son int\u00e9rieur doux et molletonn\u00e9 pr\u00e9serve le four des rayures, tandis que le cordon de serrage assure un maintien parfait et une couverture bien ajust\u00e9e, pour une s\u00e9curit\u00e9 et une durabilit\u00e9 accrues. De couleur noire \u00e9l\u00e9gante, elle s\u2019int\u00e8gre harmonieusement \u00e0 tout espace ext\u00e9rieur.<br \/>Disponible uniquement pour les mod\u00e8les Gold, Pulcinella et Clementino.   <\/p>\n","protected":false},"excerpt":{"rendered":"<p>Housse pour fours Clementi.<\/p>\n","protected":false},"featured_media":9671,"template":"","meta":[],"product_brand":[],"product_cat":[335,337],"product_tag":[],"class_list":{"0":"post-9670","1":"product","2":"type-product","3":"status-publish","4":"has-post-thumbnail","6":"product_cat-accessoires-et-pieces-detachees","7":"product_cat-accessoires-pour-four","9":"first","10":"instock","11":"purchasable","12":"product-type-variable","13":"has-default-attributes"},"_links":{"self":[{"href":"https:\/\/clementicompany.com\/fr\/wp-json\/wp\/v2\/product\/9670","targetHints":{"allow":["GET"]}}],"collection":[{"href":"https:\/\/clementicompany.com\/fr\/wp-json\/wp\/v2\/product"}],"about":[{"href":"https:\/\/clementicompany.com\/fr\/wp-json\/wp\/v2\/types\/product"}],"wp:featuredmedia":[{"embeddable":true,"href":"https:\/\/clementicompany.com\/fr\/wp-json\/wp\/v2\/media\/9671"}],"wp:attachment":[{"href":"https:\/\/clementicompany.com\/fr\/wp-json\/wp\/v2\/media?parent=9670"}],"wp:term":[{"taxonomy":"product_brand","embeddable":true,"href":"https:\/\/clementicompany.com\/fr\/wp-json\/wp\/v2\/product_brand?post=9670"},{"taxonomy":"product_cat","embeddable":true,"href":"https:\/\/clementicompany.com\/fr\/wp-json\/wp\/v2\/product_cat?post=9670"},{"taxonomy":"product_tag","embeddable":true,"href":"https:\/\/clementicompany.com\/fr\/wp-json\/wp\/v2\/product_tag?post=9670"}],"curies":[{"name":"wp","href":"https:\/\/api.w.org\/{rel}","templated":true}]}}