{"id":9664,"date":"2024-09-12T22:11:31","date_gmt":"2024-09-12T20:11:31","guid":{"rendered":"https:\/\/clementicompany.com\/prodotto\/kit-bois-pour-fours-a-gaz\/"},"modified":"2024-09-12T22:11:31","modified_gmt":"2024-09-12T20:11:31","slug":"kit-bois-pour-fours-a-gaz","status":"publish","type":"product","link":"https:\/\/clementicompany.com\/fr\/produits\/kit-bois-pour-fours-a-gaz\/","title":{"rendered":"Kit bois pour fours \u00e0 gaz"},"content":{"rendered":"<p>Transformez votre four \u00e0 gaz Clementi en v\u00e9ritable four \u00e0 bois gr\u00e2ce au pratique kit bois. Facile \u00e0 installer, il comprend un cache\u2011br\u00fbleur et un brasier porte\u2011bois. En quelques \u00e9tapes seulement, vous obtiendrez des braises parfaites pour cuire vos pizzas comme dans un four \u00e0 bois traditionnel. Gr\u00e2ce \u00e0 ce kit ing\u00e9nieux, les fours \u00e0 gaz de la gamme Clementi deviennent hybrides, vous permettant de choisir \u00e0 tout moment le mode de cuisson que vous pr\u00e9f\u00e9rez.   <\/p>\n","protected":false},"excerpt":{"rendered":"<p>Kit bois pour les fours \u00e0 gaz de la gamme Clementi.<\/p>\n","protected":false},"featured_media":9665,"template":"","meta":[],"product_brand":[],"product_cat":[335,337,340],"product_tag":[],"class_list":{"0":"post-9664","1":"product","2":"type-product","3":"status-publish","4":"has-post-thumbnail","6":"product_cat-accessoires-et-pieces-detachees","7":"product_cat-accessoires-pour-four","8":"product_cat-pieces-de-rechange-pour-four","10":"first","11":"instock","12":"purchasable","13":"product-type-variable"},"_links":{"self":[{"href":"https:\/\/clementicompany.com\/fr\/wp-json\/wp\/v2\/product\/9664","targetHints":{"allow":["GET"]}}],"collection":[{"href":"https:\/\/clementicompany.com\/fr\/wp-json\/wp\/v2\/product"}],"about":[{"href":"https:\/\/clementicompany.com\/fr\/wp-json\/wp\/v2\/types\/product"}],"wp:featuredmedia":[{"embeddable":true,"href":"https:\/\/clementicompany.com\/fr\/wp-json\/wp\/v2\/media\/9665"}],"wp:attachment":[{"href":"https:\/\/clementicompany.com\/fr\/wp-json\/wp\/v2\/media?parent=9664"}],"wp:term":[{"taxonomy":"product_brand","embeddable":true,"href":"https:\/\/clementicompany.com\/fr\/wp-json\/wp\/v2\/product_brand?post=9664"},{"taxonomy":"product_cat","embeddable":true,"href":"https:\/\/clementicompany.com\/fr\/wp-json\/wp\/v2\/product_cat?post=9664"},{"taxonomy":"product_tag","embeddable":true,"href":"https:\/\/clementicompany.com\/fr\/wp-json\/wp\/v2\/product_tag?post=9664"}],"curies":[{"name":"wp","href":"https:\/\/api.w.org\/{rel}","templated":true}]}}