{"id":9662,"date":"2024-09-12T22:11:33","date_gmt":"2024-09-12T20:11:33","guid":{"rendered":"https:\/\/clementicompany.com\/prodotto\/nettoyant-pour-acier-inoxydable\/"},"modified":"2024-09-12T22:11:33","modified_gmt":"2024-09-12T20:11:33","slug":"nettoyant-pour-acier-inoxydable","status":"publish","type":"product","link":"https:\/\/clementicompany.com\/fr\/produits\/nettoyant-pour-acier-inoxydable\/","title":{"rendered":"Nettoyant pour acier inoxydable"},"content":{"rendered":"<p>Le Nettoyant InoxPro Clementi est la solution id\u00e9ale pour nettoyer et faire briller les surfaces en acier. Il \u00e9limine efficacement les taches, les empreintes et les graisses, laissant un \u00e9clat durable sans traces. Parfait pour les plaques de cuisson, les appareils \u00e9lectrom\u00e9nagers et les \u00e9l\u00e9ments en acier, il garantit des r\u00e9sultats professionnels.  <\/p>\n","protected":false},"excerpt":{"rendered":"<p>Nettoyant pour surfaces en acier inoxydable.<\/p>\n","protected":false},"featured_media":9663,"template":"","meta":[],"product_brand":[],"product_cat":[335,336,337],"product_tag":[],"class_list":{"0":"post-9662","1":"product","2":"type-product","3":"status-publish","4":"has-post-thumbnail","6":"product_cat-accessoires-et-pieces-detachees","7":"product_cat-accessoires-pour-barbecue","8":"product_cat-accessoires-pour-four","10":"first","11":"instock","12":"purchasable","13":"product-type-simple"},"_links":{"self":[{"href":"https:\/\/clementicompany.com\/fr\/wp-json\/wp\/v2\/product\/9662","targetHints":{"allow":["GET"]}}],"collection":[{"href":"https:\/\/clementicompany.com\/fr\/wp-json\/wp\/v2\/product"}],"about":[{"href":"https:\/\/clementicompany.com\/fr\/wp-json\/wp\/v2\/types\/product"}],"wp:featuredmedia":[{"embeddable":true,"href":"https:\/\/clementicompany.com\/fr\/wp-json\/wp\/v2\/media\/9663"}],"wp:attachment":[{"href":"https:\/\/clementicompany.com\/fr\/wp-json\/wp\/v2\/media?parent=9662"}],"wp:term":[{"taxonomy":"product_brand","embeddable":true,"href":"https:\/\/clementicompany.com\/fr\/wp-json\/wp\/v2\/product_brand?post=9662"},{"taxonomy":"product_cat","embeddable":true,"href":"https:\/\/clementicompany.com\/fr\/wp-json\/wp\/v2\/product_cat?post=9662"},{"taxonomy":"product_tag","embeddable":true,"href":"https:\/\/clementicompany.com\/fr\/wp-json\/wp\/v2\/product_tag?post=9662"}],"curies":[{"name":"wp","href":"https:\/\/api.w.org\/{rel}","templated":true}]}}