{"id":9660,"date":"2024-09-12T22:11:33","date_gmt":"2024-09-12T20:11:33","guid":{"rendered":"https:\/\/clementicompany.com\/prodotto\/nettoyant-pour-barbecues-grilles-et-fours\/"},"modified":"2024-09-12T22:11:33","modified_gmt":"2024-09-12T20:11:33","slug":"nettoyant-pour-barbecues-grilles-et-fours","status":"publish","type":"product","link":"https:\/\/clementicompany.com\/fr\/produits\/nettoyant-pour-barbecues-grilles-et-fours\/","title":{"rendered":"Nettoyant pour barbecues, grilles et fours"},"content":{"rendered":"<p>Le Barbecue Cleaner dissout la graisse et tous les r\u00e9sidus alimentaires. Il a \u00e9t\u00e9 con\u00e7u pour \u00e9liminer facilement la suie des barbecues et d\u00e9graisser rapidement toutes les pi\u00e8ces et \u00e9quipements, y compris les surfaces peintes, sans risque de les ab\u00eemer. Sa formule 100\u202f% naturelle, sans soude caustique ni solvants, garantit une cuisson saine et hygi\u00e9nique.  <\/p>\n<p>Ce produit est \u00e9galement id\u00e9al pour les po\u00eales \u00e0 granul\u00e9s ainsi que pour les vitres de chemin\u00e9es et foyers. Il \u00e9limine les d\u00e9p\u00f4ts de carbone et le noircissement du verre caus\u00e9 par le feu, redonnant toute sa transparence. <\/p>\n","protected":false},"excerpt":{"rendered":"<p>Nettoyant pour un nettoyage en profondeur des barbecues, grilles et fours, \u00e0 l\u2019int\u00e9rieur comme \u00e0 l\u2019ext\u00e9rieur.<\/p>\n","protected":false},"featured_media":9661,"template":"","meta":[],"product_brand":[],"product_cat":[335,336,337],"product_tag":[],"class_list":{"0":"post-9660","1":"product","2":"type-product","3":"status-publish","4":"has-post-thumbnail","6":"product_cat-accessoires-et-pieces-detachees","7":"product_cat-accessoires-pour-barbecue","8":"product_cat-accessoires-pour-four","10":"first","11":"instock","12":"purchasable","13":"product-type-simple"},"_links":{"self":[{"href":"https:\/\/clementicompany.com\/fr\/wp-json\/wp\/v2\/product\/9660","targetHints":{"allow":["GET"]}}],"collection":[{"href":"https:\/\/clementicompany.com\/fr\/wp-json\/wp\/v2\/product"}],"about":[{"href":"https:\/\/clementicompany.com\/fr\/wp-json\/wp\/v2\/types\/product"}],"wp:featuredmedia":[{"embeddable":true,"href":"https:\/\/clementicompany.com\/fr\/wp-json\/wp\/v2\/media\/9661"}],"wp:attachment":[{"href":"https:\/\/clementicompany.com\/fr\/wp-json\/wp\/v2\/media?parent=9660"}],"wp:term":[{"taxonomy":"product_brand","embeddable":true,"href":"https:\/\/clementicompany.com\/fr\/wp-json\/wp\/v2\/product_brand?post=9660"},{"taxonomy":"product_cat","embeddable":true,"href":"https:\/\/clementicompany.com\/fr\/wp-json\/wp\/v2\/product_cat?post=9660"},{"taxonomy":"product_tag","embeddable":true,"href":"https:\/\/clementicompany.com\/fr\/wp-json\/wp\/v2\/product_tag?post=9660"}],"curies":[{"name":"wp","href":"https:\/\/api.w.org\/{rel}","templated":true}]}}