{"id":9656,"date":"2024-09-12T22:11:31","date_gmt":"2024-09-12T20:11:31","guid":{"rendered":"https:\/\/clementicompany.com\/prodotto\/multicooking\/"},"modified":"2024-09-12T22:11:31","modified_gmt":"2024-09-12T20:11:31","slug":"multicooking","status":"publish","type":"product","link":"https:\/\/clementicompany.com\/fr\/produits\/multicooking\/","title":{"rendered":"Multicooking"},"content":{"rendered":"<p>L\u2019accessoire Multicooking permet de transformer votre four \u00e0 pizza Clementi en un v\u00e9ritable barbecue d\u2019ext\u00e9rieur, id\u00e9al pour griller viandes, poissons et l\u00e9gumes avec une ma\u00eetrise totale de la cuisson.<br \/>Cet \u00e9quipement intelligent \u00e9largit les performances de votre four et vous offre la possibilit\u00e9 d\u2019explorer diff\u00e9rentes techniques de cuisson outdoor : grillades directes, cuisson ma\u00eetris\u00e9e \u00e0 haute temp\u00e9rature et gestion optimale des espaces. Avec le Multicooking, passez au niveau sup\u00e9rieur et obtenez des r\u00e9sultats dignes d\u2019un vrai chef. <\/p>\n","protected":false},"excerpt":{"rendered":"<p>Bras m\u00e9canique Multicooking pour la cuisson simultan\u00e9e de plusieurs pr\u00e9parations.<\/p>\n","protected":false},"featured_media":9657,"template":"","meta":[],"product_brand":[],"product_cat":[335,337],"product_tag":[],"class_list":{"0":"post-9656","1":"product","2":"type-product","3":"status-publish","4":"has-post-thumbnail","6":"product_cat-accessoires-et-pieces-detachees","7":"product_cat-accessoires-pour-four","9":"first","10":"instock","11":"purchasable","12":"product-type-variable","13":"has-default-attributes"},"_links":{"self":[{"href":"https:\/\/clementicompany.com\/fr\/wp-json\/wp\/v2\/product\/9656","targetHints":{"allow":["GET"]}}],"collection":[{"href":"https:\/\/clementicompany.com\/fr\/wp-json\/wp\/v2\/product"}],"about":[{"href":"https:\/\/clementicompany.com\/fr\/wp-json\/wp\/v2\/types\/product"}],"wp:featuredmedia":[{"embeddable":true,"href":"https:\/\/clementicompany.com\/fr\/wp-json\/wp\/v2\/media\/9657"}],"wp:attachment":[{"href":"https:\/\/clementicompany.com\/fr\/wp-json\/wp\/v2\/media?parent=9656"}],"wp:term":[{"taxonomy":"product_brand","embeddable":true,"href":"https:\/\/clementicompany.com\/fr\/wp-json\/wp\/v2\/product_brand?post=9656"},{"taxonomy":"product_cat","embeddable":true,"href":"https:\/\/clementicompany.com\/fr\/wp-json\/wp\/v2\/product_cat?post=9656"},{"taxonomy":"product_tag","embeddable":true,"href":"https:\/\/clementicompany.com\/fr\/wp-json\/wp\/v2\/product_tag?post=9656"}],"curies":[{"name":"wp","href":"https:\/\/api.w.org\/{rel}","templated":true}]}}