{"id":9647,"date":"2024-09-12T20:15:32","date_gmt":"2024-09-12T18:15:32","guid":{"rendered":"https:\/\/clementicompany.com\/prodotto\/petit-bijou\/"},"modified":"2024-09-12T20:15:32","modified_gmt":"2024-09-12T18:15:32","slug":"petit-bijou","status":"publish","type":"product","link":"https:\/\/clementicompany.com\/fr\/produits\/petit-bijou\/","title":{"rendered":"Petit bijou"},"content":{"rendered":"<p>Tr\u00e8s facile \u00e0 utiliser, avec une chambre de cuisson \u00e0 deux niveaux (45 \u00d7 50 cm), Piccolo Gioiello est le choix parfait pour ceux qui d\u00e9couvrent la cuisson au feu de bois ou disposent de petits espaces.<br \/>Gr\u00e2ce \u00e0 son design minimaliste et \u00e0 ses dimensions compactes, il s\u2019int\u00e8gre parfaitement sur une terrasse, dans un petit jardin ou dans tout espace ext\u00e9rieur r\u00e9duit, sans jamais renoncer \u00e0 la qualit\u00e9 de cuisson ni \u00e0 la simplicit\u00e9 d\u2019utilisation.<\/p>\n","protected":false},"excerpt":{"rendered":"<p>Piccolo Gioiello est le plus petit four \u00e0 bois de toute la gamme.<br \/>Extr\u00eamement simple d\u2019utilisation, il se distingue par son design \u00e9pur\u00e9, ce qui le rend id\u00e9al m\u00eame pour les espaces les plus restreints. <\/p>\n","protected":false},"featured_media":9648,"template":"","meta":[],"product_brand":[],"product_cat":[345,346],"product_tag":[],"class_list":{"0":"post-9647","1":"product","2":"type-product","3":"status-publish","4":"has-post-thumbnail","6":"product_cat-fours","7":"product_cat-fours-a-bois","9":"first","10":"instock","11":"purchasable","12":"product-type-variable","13":"has-default-attributes"},"_links":{"self":[{"href":"https:\/\/clementicompany.com\/fr\/wp-json\/wp\/v2\/product\/9647","targetHints":{"allow":["GET"]}}],"collection":[{"href":"https:\/\/clementicompany.com\/fr\/wp-json\/wp\/v2\/product"}],"about":[{"href":"https:\/\/clementicompany.com\/fr\/wp-json\/wp\/v2\/types\/product"}],"wp:featuredmedia":[{"embeddable":true,"href":"https:\/\/clementicompany.com\/fr\/wp-json\/wp\/v2\/media\/9648"}],"wp:attachment":[{"href":"https:\/\/clementicompany.com\/fr\/wp-json\/wp\/v2\/media?parent=9647"}],"wp:term":[{"taxonomy":"product_brand","embeddable":true,"href":"https:\/\/clementicompany.com\/fr\/wp-json\/wp\/v2\/product_brand?post=9647"},{"taxonomy":"product_cat","embeddable":true,"href":"https:\/\/clementicompany.com\/fr\/wp-json\/wp\/v2\/product_cat?post=9647"},{"taxonomy":"product_tag","embeddable":true,"href":"https:\/\/clementicompany.com\/fr\/wp-json\/wp\/v2\/product_tag?post=9647"}],"curies":[{"name":"wp","href":"https:\/\/api.w.org\/{rel}","templated":true}]}}