{"id":9631,"date":"2024-09-12T20:15:32","date_gmt":"2024-09-12T18:15:32","guid":{"rendered":"https:\/\/clementicompany.com\/prodotto\/super-master\/"},"modified":"2024-09-12T20:15:32","modified_gmt":"2024-09-12T18:15:32","slug":"super-master","status":"publish","type":"product","link":"https:\/\/clementicompany.com\/fr\/produits\/super-master\/","title":{"rendered":"Super Master"},"content":{"rendered":"<p>Puissant, robuste et polyvalent, Super Master est le choix id\u00e9al pour ceux qui veulent le maximum de la cuisson au feu de bois.<br \/>Ce four \u00e0 bois aux dimensions g\u00e9n\u00e9reuses et \u00e0 la solidit\u00e9 exceptionnelle est con\u00e7u pour pr\u00e9parer de nombreux plats simultan\u00e9ment et utiliser grilles et plaques de grande taille.<br \/>Gr\u00e2ce \u00e0 ses trois niveaux de cuisson, il garantit une efficacit\u00e9 maximale, m\u00eame lors des pr\u00e9parations les plus exigeantes.<br \/>Chaque d\u00e9tail de sa conception est pens\u00e9 pour offrir des performances \u00e9lev\u00e9es et une durabilit\u00e9 exceptionnelle dans le temps.   <\/p>\n<p>Parfait aussi bien pour un usage semi-professionnel que pour ceux qui aiment organiser de grands repas et d\u00eeners conviviaux, le Super Master assure une cuisson impeccable, gr\u00e2ce \u00e0 des caract\u00e9ristiques avanc\u00e9es et \u00e0 des mat\u00e9riaux haut de gamme.<\/p>\n<p>La caract\u00e9ristique la plus innovante de ce four est sa double Ventilation Plus:<br \/>un syst\u00e8me avanc\u00e9 qui r\u00e9partit la chaleur de mani\u00e8re homog\u00e8ne sur les trois niveaux, en ventilant par le fond et par les parois. Vous pouvez ainsi cuire diff\u00e9rentes pr\u00e9parations en m\u00eame temps, avec des r\u00e9sultats parfaits \u00e0 chaque niveau, sans variations de temp\u00e9rature ni cuissons in\u00e9gales. <\/p>\n","protected":false},"excerpt":{"rendered":"<p>Le four pour ceux qui n\u2019acceptent aucun compromis.<br \/>Super Master est le plus grand four \u00e0 bois de toute la gamme. Il permet la cuisson de grands volumes de pr\u00e9parations avec des performances de niveau semi-professionnel.  <\/p>\n","protected":false},"featured_media":9632,"template":"","meta":[],"product_brand":[],"product_cat":[345,346],"product_tag":[],"class_list":{"0":"post-9631","1":"product","2":"type-product","3":"status-publish","4":"has-post-thumbnail","6":"product_cat-fours","7":"product_cat-fours-a-bois","9":"first","10":"instock","11":"purchasable","12":"product-type-variable","13":"has-default-attributes"},"_links":{"self":[{"href":"https:\/\/clementicompany.com\/fr\/wp-json\/wp\/v2\/product\/9631","targetHints":{"allow":["GET"]}}],"collection":[{"href":"https:\/\/clementicompany.com\/fr\/wp-json\/wp\/v2\/product"}],"about":[{"href":"https:\/\/clementicompany.com\/fr\/wp-json\/wp\/v2\/types\/product"}],"wp:featuredmedia":[{"embeddable":true,"href":"https:\/\/clementicompany.com\/fr\/wp-json\/wp\/v2\/media\/9632"}],"wp:attachment":[{"href":"https:\/\/clementicompany.com\/fr\/wp-json\/wp\/v2\/media?parent=9631"}],"wp:term":[{"taxonomy":"product_brand","embeddable":true,"href":"https:\/\/clementicompany.com\/fr\/wp-json\/wp\/v2\/product_brand?post=9631"},{"taxonomy":"product_cat","embeddable":true,"href":"https:\/\/clementicompany.com\/fr\/wp-json\/wp\/v2\/product_cat?post=9631"},{"taxonomy":"product_tag","embeddable":true,"href":"https:\/\/clementicompany.com\/fr\/wp-json\/wp\/v2\/product_tag?post=9631"}],"curies":[{"name":"wp","href":"https:\/\/api.w.org\/{rel}","templated":true}]}}