{"id":9603,"date":"2024-09-12T20:15:32","date_gmt":"2024-09-12T18:15:32","guid":{"rendered":"https:\/\/clementicompany.com\/prodotto\/smile\/"},"modified":"2024-09-12T20:15:32","modified_gmt":"2024-09-12T18:15:32","slug":"smile","status":"publish","type":"product","link":"https:\/\/clementicompany.com\/fr\/produits\/smile\/","title":{"rendered":"Smile"},"content":{"rendered":"<p>Smile est le four parfait pour ceux qui aiment la cuisson traditionnelle au feu de bois, tout en recherchant une solution compacte et polyvalente. Que vous disposiez d\u2019un grand jardin ou d\u2019un espace plus r\u00e9duit comme une terrasse ou un toit-terrasse, Smile vous permet de partager des moments inoubliables autour de plats savoureux, pr\u00e9par\u00e9s de mani\u00e8re simple et authentique. <\/p>\n<p>Gr\u00e2ce \u00e0 ses dimensions r\u00e9duites, il est facile \u00e0 installer et \u00e0 utiliser, sans aucun compromis sur la qualit\u00e9 de la cuisson au bois.<\/p>\n<p>Ce four s\u2019int\u00e8gre avec \u00e9l\u00e9gance m\u00eame dans les espaces les plus compacts et devient l\u2019alli\u00e9 id\u00e9al pour profiter de la tradition du bon go\u00fbt, sans n\u00e9cessiter d\u2019installations complexes.<\/p>\n<p>M\u00eame les d\u00e9butants dans la cuisson au feu de bois trouveront en Smile un four simple \u00e0 prendre en main et agr\u00e9able \u00e0 utiliser.<\/p>\n","protected":false},"excerpt":{"rendered":"<p>Le four \u00e0 bois compact pens\u00e9 pour ceux qui ne veulent pas renoncer au plaisir de bien manger et de partager de bons moments avec la famille et les amis.<br \/>Id\u00e9al aussi bien pour les petits espaces que pour les grands, dans un jardin, sur une terrasse ou un toit-terrasse. <\/p>\n","protected":false},"featured_media":9604,"template":"","meta":[],"product_brand":[],"product_cat":[345,346],"product_tag":[],"class_list":{"0":"post-9603","1":"product","2":"type-product","3":"status-publish","4":"has-post-thumbnail","6":"product_cat-fours","7":"product_cat-fours-a-bois","9":"first","10":"instock","11":"purchasable","12":"product-type-variable","13":"has-default-attributes"},"_links":{"self":[{"href":"https:\/\/clementicompany.com\/fr\/wp-json\/wp\/v2\/product\/9603","targetHints":{"allow":["GET"]}}],"collection":[{"href":"https:\/\/clementicompany.com\/fr\/wp-json\/wp\/v2\/product"}],"about":[{"href":"https:\/\/clementicompany.com\/fr\/wp-json\/wp\/v2\/types\/product"}],"wp:featuredmedia":[{"embeddable":true,"href":"https:\/\/clementicompany.com\/fr\/wp-json\/wp\/v2\/media\/9604"}],"wp:attachment":[{"href":"https:\/\/clementicompany.com\/fr\/wp-json\/wp\/v2\/media?parent=9603"}],"wp:term":[{"taxonomy":"product_brand","embeddable":true,"href":"https:\/\/clementicompany.com\/fr\/wp-json\/wp\/v2\/product_brand?post=9603"},{"taxonomy":"product_cat","embeddable":true,"href":"https:\/\/clementicompany.com\/fr\/wp-json\/wp\/v2\/product_cat?post=9603"},{"taxonomy":"product_tag","embeddable":true,"href":"https:\/\/clementicompany.com\/fr\/wp-json\/wp\/v2\/product_tag?post=9603"}],"curies":[{"name":"wp","href":"https:\/\/api.w.org\/{rel}","templated":true}]}}