{"id":9597,"date":"2024-09-12T22:11:31","date_gmt":"2024-09-12T20:11:31","guid":{"rendered":"https:\/\/clementicompany.com\/prodotto\/chariot-premium\/"},"modified":"2024-09-12T22:11:31","modified_gmt":"2024-09-12T20:11:31","slug":"chariot-premium","status":"publish","type":"product","link":"https:\/\/clementicompany.com\/fr\/produits\/chariot-premium\/","title":{"rendered":"Chariot Premium"},"content":{"rendered":"<p>Optimisez votre exp\u00e9rience de cuisson avec le chariot Premium pour les fours \u00e0 pizza Gold et Pulcinella. Con\u00e7u pour offrir une fonctionnalit\u00e9 maximale et une grande facilit\u00e9 de d\u00e9placement. \u00c9quip\u00e9 d\u2019une double \u00e9tag\u00e8re frontale, de 4 roues (dont 2 avec frein pour garantir une meilleure stabilit\u00e9), d\u2019une \u00e9tag\u00e8re lat\u00e9rale int\u00e9gr\u00e9e en acier inoxydable et d\u2019un pratique porte-pelles. Ce chariot est l\u2019accessoire id\u00e9al pour organiser votre espace et rendre la cuisson au four encore plus confortable et professionnelle.   <\/p>\n","protected":false},"excerpt":{"rendered":"<p>Chariot compatible avec les fours Gold et Pulcinella.<\/p>\n","protected":false},"featured_media":9598,"template":"","meta":[],"product_brand":[],"product_cat":[335,337,339],"product_tag":[],"class_list":{"0":"post-9597","1":"product","2":"type-product","3":"status-publish","4":"has-post-thumbnail","6":"product_cat-accessoires-et-pieces-detachees","7":"product_cat-accessoires-pour-four","8":"product_cat-avions-et-chariots","10":"first","11":"instock","12":"purchasable","13":"product-type-variable","14":"has-default-attributes"},"_links":{"self":[{"href":"https:\/\/clementicompany.com\/fr\/wp-json\/wp\/v2\/product\/9597","targetHints":{"allow":["GET"]}}],"collection":[{"href":"https:\/\/clementicompany.com\/fr\/wp-json\/wp\/v2\/product"}],"about":[{"href":"https:\/\/clementicompany.com\/fr\/wp-json\/wp\/v2\/types\/product"}],"wp:featuredmedia":[{"embeddable":true,"href":"https:\/\/clementicompany.com\/fr\/wp-json\/wp\/v2\/media\/9598"}],"wp:attachment":[{"href":"https:\/\/clementicompany.com\/fr\/wp-json\/wp\/v2\/media?parent=9597"}],"wp:term":[{"taxonomy":"product_brand","embeddable":true,"href":"https:\/\/clementicompany.com\/fr\/wp-json\/wp\/v2\/product_brand?post=9597"},{"taxonomy":"product_cat","embeddable":true,"href":"https:\/\/clementicompany.com\/fr\/wp-json\/wp\/v2\/product_cat?post=9597"},{"taxonomy":"product_tag","embeddable":true,"href":"https:\/\/clementicompany.com\/fr\/wp-json\/wp\/v2\/product_tag?post=9597"}],"curies":[{"name":"wp","href":"https:\/\/api.w.org\/{rel}","templated":true}]}}