{"id":9589,"date":"2024-09-12T22:11:31","date_gmt":"2024-09-12T20:11:31","guid":{"rendered":"https:\/\/clementicompany.com\/prodotto\/chariot-compact\/"},"modified":"2024-09-12T22:11:31","modified_gmt":"2024-09-12T20:11:31","slug":"chariot-compact","status":"publish","type":"product","link":"https:\/\/clementicompany.com\/fr\/produits\/chariot-compact\/","title":{"rendered":"Chariot Compact"},"content":{"rendered":"<p>Transformez votre four Pulcinella ou Gold en v\u00e9ritable station de cuisson mobile avec le chariot d\u00e9di\u00e9. \u00c9quip\u00e9 de 2 roues robustes, d\u2019une \u00e9tag\u00e8re lat\u00e9rale en acier inoxydable et d\u2019une \u00e9tag\u00e8re inf\u00e9rieure pour ranger le bois, ce chariot offre praticit\u00e9 et fonctionnalit\u00e9 dans un design compact. Parfait pour d\u00e9placer facilement le four et avoir tout le n\u00e9cessaire \u00e0 port\u00e9e de main pendant la cuisson.  <\/p>\n","protected":false},"excerpt":{"rendered":"<p>Chariot compatible avec les fours Pulcinella et Gold.<\/p>\n","protected":false},"featured_media":9590,"template":"","meta":[],"product_brand":[],"product_cat":[335,337,339],"product_tag":[],"class_list":{"0":"post-9589","1":"product","2":"type-product","3":"status-publish","4":"has-post-thumbnail","6":"product_cat-accessoires-et-pieces-detachees","7":"product_cat-accessoires-pour-four","8":"product_cat-avions-et-chariots","10":"first","11":"instock","12":"purchasable","13":"product-type-variable","14":"has-default-attributes"},"_links":{"self":[{"href":"https:\/\/clementicompany.com\/fr\/wp-json\/wp\/v2\/product\/9589","targetHints":{"allow":["GET"]}}],"collection":[{"href":"https:\/\/clementicompany.com\/fr\/wp-json\/wp\/v2\/product"}],"about":[{"href":"https:\/\/clementicompany.com\/fr\/wp-json\/wp\/v2\/types\/product"}],"wp:featuredmedia":[{"embeddable":true,"href":"https:\/\/clementicompany.com\/fr\/wp-json\/wp\/v2\/media\/9590"}],"wp:attachment":[{"href":"https:\/\/clementicompany.com\/fr\/wp-json\/wp\/v2\/media?parent=9589"}],"wp:term":[{"taxonomy":"product_brand","embeddable":true,"href":"https:\/\/clementicompany.com\/fr\/wp-json\/wp\/v2\/product_brand?post=9589"},{"taxonomy":"product_cat","embeddable":true,"href":"https:\/\/clementicompany.com\/fr\/wp-json\/wp\/v2\/product_cat?post=9589"},{"taxonomy":"product_tag","embeddable":true,"href":"https:\/\/clementicompany.com\/fr\/wp-json\/wp\/v2\/product_tag?post=9589"}],"curies":[{"name":"wp","href":"https:\/\/api.w.org\/{rel}","templated":true}]}}