{"id":9585,"date":"2024-09-12T22:11:29","date_gmt":"2024-09-12T20:11:29","guid":{"rendered":"https:\/\/clementicompany.com\/prodotto\/plaque-pour-griller-icon\/"},"modified":"2026-02-18T17:17:36","modified_gmt":"2026-02-18T16:17:36","slug":"plaque-pour-griller-icon","status":"publish","type":"product","link":"https:\/\/clementicompany.com\/fr\/produits\/plaque-pour-griller-icon\/","title":{"rendered":"Plaque pour griller Icon."},"content":{"rendered":"<p>La plaque de cuisson pour barbecue Icon est l\u2019accessoire id\u00e9al pour \u00e9largir votre exp\u00e9rience de cuisson. R\u00e9alis\u00e9e en acier inoxydable 304 d\u2019une \u00e9paisseur de 8 mm, elle offre une surface qui r\u00e9partit la chaleur de mani\u00e8re optimale et diff\u00e9renci\u00e9e selon les zones de cuisson. Parfaite pour griller viande, l\u00e9gumes, poisson et bien plus encore. Con\u00e7ue pour le BBQ Icon, cette plaque garantit des cuissons impeccables et des saveurs authentiques, transformant chaque barbecue en un v\u00e9ritable moment gastronomique, avec la possibilit\u00e9 de combiner cuisson \u00e0 la plaque et cuisson sur grille en m\u00eame temps.   <\/p>\n","protected":false},"excerpt":{"rendered":"<p>Plaque pour griller sur le barbecue Icon.<\/p>\n","protected":false},"featured_media":9586,"template":"","meta":[],"product_brand":[],"product_cat":[336,338],"product_tag":[],"class_list":{"0":"post-9585","1":"product","2":"type-product","3":"status-publish","4":"has-post-thumbnail","6":"product_cat-accessoires-pour-barbecue","7":"product_cat-accessoires-pour-barbecues","9":"first","10":"instock","11":"purchasable","12":"product-type-variable"},"_links":{"self":[{"href":"https:\/\/clementicompany.com\/fr\/wp-json\/wp\/v2\/product\/9585","targetHints":{"allow":["GET"]}}],"collection":[{"href":"https:\/\/clementicompany.com\/fr\/wp-json\/wp\/v2\/product"}],"about":[{"href":"https:\/\/clementicompany.com\/fr\/wp-json\/wp\/v2\/types\/product"}],"wp:featuredmedia":[{"embeddable":true,"href":"https:\/\/clementicompany.com\/fr\/wp-json\/wp\/v2\/media\/9586"}],"wp:attachment":[{"href":"https:\/\/clementicompany.com\/fr\/wp-json\/wp\/v2\/media?parent=9585"}],"wp:term":[{"taxonomy":"product_brand","embeddable":true,"href":"https:\/\/clementicompany.com\/fr\/wp-json\/wp\/v2\/product_brand?post=9585"},{"taxonomy":"product_cat","embeddable":true,"href":"https:\/\/clementicompany.com\/fr\/wp-json\/wp\/v2\/product_cat?post=9585"},{"taxonomy":"product_tag","embeddable":true,"href":"https:\/\/clementicompany.com\/fr\/wp-json\/wp\/v2\/product_tag?post=9585"}],"curies":[{"name":"wp","href":"https:\/\/api.w.org\/{rel}","templated":true}]}}