{"id":9580,"date":"2024-09-12T22:11:29","date_gmt":"2024-09-12T20:11:29","guid":{"rendered":"https:\/\/clementicompany.com\/prodotto\/couvercle-colorado\/"},"modified":"2024-09-12T22:11:29","modified_gmt":"2024-09-12T20:11:29","slug":"couvercle-colorado","status":"publish","type":"product","link":"https:\/\/clementicompany.com\/fr\/produits\/couvercle-colorado\/","title":{"rendered":"Couvercle Colorado"},"content":{"rendered":"<p>Le couvercle de protection du barbecue Colorado est l\u2019accessoire indispensable pour garder les plaques de votre barbecue en parfait \u00e9tat. Disponible en acier corten ou en coloris anthracite, il offre une protection durable contre les intemp\u00e9ries et les dommages accidentels. Con\u00e7u pour s\u2019adapter parfaitement au barbecue Colorado, il garantit une longue dur\u00e9e de vie et un entretien facile. Prot\u00e9gez votre BBQ et assurez-vous qu\u2019il soit toujours pr\u00eat \u00e0 l\u2019emploi.   <\/p>\n<p>&nbsp;<\/p>\n","protected":false},"excerpt":{"rendered":"<p>Couvercle de protection du barbecue Colorado<\/p>\n","protected":false},"featured_media":9581,"template":"","meta":[],"product_brand":[],"product_cat":[336],"product_tag":[],"class_list":{"0":"post-9580","1":"product","2":"type-product","3":"status-publish","4":"has-post-thumbnail","6":"product_cat-accessoires-pour-barbecue","8":"first","9":"instock","10":"purchasable","11":"product-type-variable"},"_links":{"self":[{"href":"https:\/\/clementicompany.com\/fr\/wp-json\/wp\/v2\/product\/9580","targetHints":{"allow":["GET"]}}],"collection":[{"href":"https:\/\/clementicompany.com\/fr\/wp-json\/wp\/v2\/product"}],"about":[{"href":"https:\/\/clementicompany.com\/fr\/wp-json\/wp\/v2\/types\/product"}],"wp:featuredmedia":[{"embeddable":true,"href":"https:\/\/clementicompany.com\/fr\/wp-json\/wp\/v2\/media\/9581"}],"wp:attachment":[{"href":"https:\/\/clementicompany.com\/fr\/wp-json\/wp\/v2\/media?parent=9580"}],"wp:term":[{"taxonomy":"product_brand","embeddable":true,"href":"https:\/\/clementicompany.com\/fr\/wp-json\/wp\/v2\/product_brand?post=9580"},{"taxonomy":"product_cat","embeddable":true,"href":"https:\/\/clementicompany.com\/fr\/wp-json\/wp\/v2\/product_cat?post=9580"},{"taxonomy":"product_tag","embeddable":true,"href":"https:\/\/clementicompany.com\/fr\/wp-json\/wp\/v2\/product_tag?post=9580"}],"curies":[{"name":"wp","href":"https:\/\/api.w.org\/{rel}","templated":true}]}}