{"id":9575,"date":"2024-09-12T22:11:12","date_gmt":"2024-09-12T20:11:12","guid":{"rendered":"https:\/\/clementicompany.com\/prodotto\/kit-de-roues-colorado\/"},"modified":"2024-09-12T22:11:12","modified_gmt":"2024-09-12T20:11:12","slug":"kit-de-roues-colorado","status":"publish","type":"product","link":"https:\/\/clementicompany.com\/fr\/produits\/kit-de-roues-colorado\/","title":{"rendered":"Kit de roues Colorado"},"content":{"rendered":"<p>Facilitez le d\u00e9placement de votre barbecue Colorado avec le kit de roues Clementi. Con\u00e7u pour garantir une mobilit\u00e9 maximale et une grande stabilit\u00e9, il vous permet de d\u00e9placer votre barbecue sans effort. Accessoire pratique et robuste, il est id\u00e9al pour organiser votre espace ext\u00e9rieur avec flexibilit\u00e9. Le kit s\u2019installe \u00e0 la base du barbecue. Une fois le barbecue pos\u00e9 sur le chariot, il pourra \u00eatre d\u00e9plac\u00e9 en toute simplicit\u00e9. Disponible en acier corten ou en coloris anthracite.     <\/p>\n","protected":false},"excerpt":{"rendered":"<p>Kit de roues pour d\u00e9placer facilement le barbecue Colorado.<\/p>\n","protected":false},"featured_media":9576,"template":"","meta":[],"product_brand":[],"product_cat":[335],"product_tag":[],"class_list":{"0":"post-9575","1":"product","2":"type-product","3":"status-publish","4":"has-post-thumbnail","6":"product_cat-accessoires-et-pieces-detachees","8":"first","9":"instock","10":"purchasable","11":"product-type-variable"},"_links":{"self":[{"href":"https:\/\/clementicompany.com\/fr\/wp-json\/wp\/v2\/product\/9575","targetHints":{"allow":["GET"]}}],"collection":[{"href":"https:\/\/clementicompany.com\/fr\/wp-json\/wp\/v2\/product"}],"about":[{"href":"https:\/\/clementicompany.com\/fr\/wp-json\/wp\/v2\/types\/product"}],"wp:featuredmedia":[{"embeddable":true,"href":"https:\/\/clementicompany.com\/fr\/wp-json\/wp\/v2\/media\/9576"}],"wp:attachment":[{"href":"https:\/\/clementicompany.com\/fr\/wp-json\/wp\/v2\/media?parent=9575"}],"wp:term":[{"taxonomy":"product_brand","embeddable":true,"href":"https:\/\/clementicompany.com\/fr\/wp-json\/wp\/v2\/product_brand?post=9575"},{"taxonomy":"product_cat","embeddable":true,"href":"https:\/\/clementicompany.com\/fr\/wp-json\/wp\/v2\/product_cat?post=9575"},{"taxonomy":"product_tag","embeddable":true,"href":"https:\/\/clementicompany.com\/fr\/wp-json\/wp\/v2\/product_tag?post=9575"}],"curies":[{"name":"wp","href":"https:\/\/api.w.org\/{rel}","templated":true}]}}