{"id":9568,"date":"2024-09-12T22:11:31","date_gmt":"2024-09-12T20:11:31","guid":{"rendered":"https:\/\/clementicompany.com\/prodotto\/thermometre-laser\/"},"modified":"2024-09-12T22:11:31","modified_gmt":"2024-09-12T20:11:31","slug":"thermometre-laser","status":"publish","type":"product","link":"https:\/\/clementicompany.com\/fr\/produits\/thermometre-laser\/","title":{"rendered":"Thermom\u00e8tre laser"},"content":{"rendered":"<p>Mesurez avec pr\u00e9cision la temp\u00e9rature dans chaque recoin de votre four avec le thermom\u00e8tre laser Clementi. Facile \u00e0 utiliser : il suffit d\u2019appuyer sur le bouton central et de viser la zone dont vous souhaitez conna\u00eetre la temp\u00e9rature. Id\u00e9al pour contr\u00f4ler la cuisson de vos pizzas et de vos autres plats, il garantit des r\u00e9sultats parfaits. Le thermom\u00e8tre fonctionne avec des piles (incluses) et offre une lecture pr\u00e9cise de la temp\u00e9rature, en faisant l\u2019accessoire indispensable de tout pizzaiolo \u00e0 domicile.   <\/p>\n","protected":false},"excerpt":{"rendered":"<p>Thermom\u00e8tre laser pour mesurer la temp\u00e9rature dans chaque recoin de votre four.<\/p>\n","protected":false},"featured_media":9569,"template":"","meta":[],"product_brand":[],"product_cat":[335,336,337],"product_tag":[],"class_list":{"0":"post-9568","1":"product","2":"type-product","3":"status-publish","4":"has-post-thumbnail","6":"product_cat-accessoires-et-pieces-detachees","7":"product_cat-accessoires-pour-barbecue","8":"product_cat-accessoires-pour-four","10":"first","11":"instock","12":"purchasable","13":"product-type-simple"},"_links":{"self":[{"href":"https:\/\/clementicompany.com\/fr\/wp-json\/wp\/v2\/product\/9568","targetHints":{"allow":["GET"]}}],"collection":[{"href":"https:\/\/clementicompany.com\/fr\/wp-json\/wp\/v2\/product"}],"about":[{"href":"https:\/\/clementicompany.com\/fr\/wp-json\/wp\/v2\/types\/product"}],"wp:featuredmedia":[{"embeddable":true,"href":"https:\/\/clementicompany.com\/fr\/wp-json\/wp\/v2\/media\/9569"}],"wp:attachment":[{"href":"https:\/\/clementicompany.com\/fr\/wp-json\/wp\/v2\/media?parent=9568"}],"wp:term":[{"taxonomy":"product_brand","embeddable":true,"href":"https:\/\/clementicompany.com\/fr\/wp-json\/wp\/v2\/product_brand?post=9568"},{"taxonomy":"product_cat","embeddable":true,"href":"https:\/\/clementicompany.com\/fr\/wp-json\/wp\/v2\/product_cat?post=9568"},{"taxonomy":"product_tag","embeddable":true,"href":"https:\/\/clementicompany.com\/fr\/wp-json\/wp\/v2\/product_tag?post=9568"}],"curies":[{"name":"wp","href":"https:\/\/api.w.org\/{rel}","templated":true}]}}