{"id":9566,"date":"2024-09-12T22:11:31","date_gmt":"2024-09-12T20:11:31","guid":{"rendered":"https:\/\/clementicompany.com\/prodotto\/pieds-pour-fours-pulcinella-et-gold\/"},"modified":"2026-02-18T16:57:01","modified_gmt":"2026-02-18T15:57:01","slug":"pieds-pour-fours-pulcinella-et-gold","status":"publish","type":"product","link":"https:\/\/clementicompany.com\/fr\/produits\/pieds-pour-fours-pulcinella-et-gold\/","title":{"rendered":"Pieds pour fours Pulcinella et Gold."},"content":{"rendered":"<p>Assurez stabilit\u00e9 et s\u00e9curit\u00e9 \u00e0 votre four avec les pieds de support pour les lignes Gold et Pulcinella. Con\u00e7us pour offrir un appui solide sur toute surface, ces pieds am\u00e9liorent l\u2019\u00e9quilibre du four et en facilitent l\u2019installation.<br \/>La base en caoutchouc \u00e9vite d\u2019ab\u00eemer le plan sur lequel ils sont pos\u00e9s et contribue \u00e0 amortir le poids du four lors de l\u2019installation. Id\u00e9als pour ceux qui recherchent une solution fiable et durable pour garder leur four stable et s\u00fbr pendant l\u2019utilisation.   <\/p>\n","protected":false},"excerpt":{"rendered":"<p>Pieds de support pour fours Gold et Pulcinella.<\/p>\n","protected":false},"featured_media":9567,"template":"","meta":[],"product_brand":[],"product_cat":[335,337,340],"product_tag":[],"class_list":{"0":"post-9566","1":"product","2":"type-product","3":"status-publish","4":"has-post-thumbnail","6":"product_cat-accessoires-et-pieces-detachees","7":"product_cat-accessoires-pour-four","8":"product_cat-pieces-de-rechange-pour-four","10":"first","11":"instock","12":"purchasable","13":"product-type-simple"},"_links":{"self":[{"href":"https:\/\/clementicompany.com\/fr\/wp-json\/wp\/v2\/product\/9566","targetHints":{"allow":["GET"]}}],"collection":[{"href":"https:\/\/clementicompany.com\/fr\/wp-json\/wp\/v2\/product"}],"about":[{"href":"https:\/\/clementicompany.com\/fr\/wp-json\/wp\/v2\/types\/product"}],"wp:featuredmedia":[{"embeddable":true,"href":"https:\/\/clementicompany.com\/fr\/wp-json\/wp\/v2\/media\/9567"}],"wp:attachment":[{"href":"https:\/\/clementicompany.com\/fr\/wp-json\/wp\/v2\/media?parent=9566"}],"wp:term":[{"taxonomy":"product_brand","embeddable":true,"href":"https:\/\/clementicompany.com\/fr\/wp-json\/wp\/v2\/product_brand?post=9566"},{"taxonomy":"product_cat","embeddable":true,"href":"https:\/\/clementicompany.com\/fr\/wp-json\/wp\/v2\/product_cat?post=9566"},{"taxonomy":"product_tag","embeddable":true,"href":"https:\/\/clementicompany.com\/fr\/wp-json\/wp\/v2\/product_tag?post=9566"}],"curies":[{"name":"wp","href":"https:\/\/api.w.org\/{rel}","templated":true}]}}