{"id":9564,"date":"2024-09-12T22:11:31","date_gmt":"2024-09-12T20:11:31","guid":{"rendered":"https:\/\/clementicompany.com\/prodotto\/plan-de-travail-multifonction-en-bois-avec-planche-a-decouper\/"},"modified":"2024-09-12T22:11:31","modified_gmt":"2024-09-12T20:11:31","slug":"plan-de-travail-multifonction-en-bois-avec-planche-a-decouper","status":"publish","type":"product","link":"https:\/\/clementicompany.com\/fr\/produits\/plan-de-travail-multifonction-en-bois-avec-planche-a-decouper\/","title":{"rendered":"Plan de travail multifonction en bois avec planche \u00e0 d\u00e9couper."},"content":{"rendered":"<p>Optimisez votre espace de cuisine ext\u00e9rieure avec le plan de travail multifonction en bois, \u00e9quip\u00e9 d\u2019une planche \u00e0 d\u00e9couper en gr\u00e8s. Ce plan offre une surface r\u00e9sistante et polyvalente, id\u00e9ale pour accueillir tout four \u00e0 pizza. La planche en gr\u00e8s garantit hygi\u00e8ne et facilit\u00e9 de nettoyage, faisant de cet accessoire un indispensable pour cuisiner en plein air avec praticit\u00e9 et \u00e9l\u00e9gance. Les \u00e9tag\u00e8res inf\u00e9rieures permettent de ranger le bois ou d\u2019organiser les outils n\u00e9cessaires \u00e0 la cuisson. Dot\u00e9 de quatre roues avec frein et syst\u00e8me de s\u00e9curit\u00e9, il est particuli\u00e8rement facile \u00e0 d\u00e9placer tout en restant parfaitement stable.    <\/p>\n","protected":false},"excerpt":{"rendered":"<p>Plan de travail multifonction en bois avec planche \u00e0 d\u00e9couper en gr\u00e8s.<\/p>\n","protected":false},"featured_media":9565,"template":"","meta":[],"product_brand":[],"product_cat":[335,339],"product_tag":[],"class_list":{"0":"post-9564","1":"product","2":"type-product","3":"status-publish","4":"has-post-thumbnail","6":"product_cat-accessoires-et-pieces-detachees","7":"product_cat-avions-et-chariots","9":"first","10":"instock","11":"purchasable","12":"product-type-simple"},"_links":{"self":[{"href":"https:\/\/clementicompany.com\/fr\/wp-json\/wp\/v2\/product\/9564","targetHints":{"allow":["GET"]}}],"collection":[{"href":"https:\/\/clementicompany.com\/fr\/wp-json\/wp\/v2\/product"}],"about":[{"href":"https:\/\/clementicompany.com\/fr\/wp-json\/wp\/v2\/types\/product"}],"wp:featuredmedia":[{"embeddable":true,"href":"https:\/\/clementicompany.com\/fr\/wp-json\/wp\/v2\/media\/9565"}],"wp:attachment":[{"href":"https:\/\/clementicompany.com\/fr\/wp-json\/wp\/v2\/media?parent=9564"}],"wp:term":[{"taxonomy":"product_brand","embeddable":true,"href":"https:\/\/clementicompany.com\/fr\/wp-json\/wp\/v2\/product_brand?post=9564"},{"taxonomy":"product_cat","embeddable":true,"href":"https:\/\/clementicompany.com\/fr\/wp-json\/wp\/v2\/product_cat?post=9564"},{"taxonomy":"product_tag","embeddable":true,"href":"https:\/\/clementicompany.com\/fr\/wp-json\/wp\/v2\/product_tag?post=9564"}],"curies":[{"name":"wp","href":"https:\/\/api.w.org\/{rel}","templated":true}]}}