{"id":9560,"date":"2024-09-12T22:11:31","date_gmt":"2024-09-12T20:11:31","guid":{"rendered":"https:\/\/clementicompany.com\/prodotto\/plan-de-travail-multifonction-anthracite\/"},"modified":"2024-09-12T22:11:31","modified_gmt":"2024-09-12T20:11:31","slug":"plan-de-travail-multifonction-anthracite","status":"publish","type":"product","link":"https:\/\/clementicompany.com\/fr\/produits\/plan-de-travail-multifonction-anthracite\/","title":{"rendered":"Plan de travail multifonction anthracite."},"content":{"rendered":"<p>Le plan de travail multifonction anthracite Clementi est la solution id\u00e9ale pour cr\u00e9er une cuisine d\u2019ext\u00e9rieur polyvalente et fonctionnelle. Ce plan est \u00e9quip\u00e9 de quatre roues avec frein et syst\u00e8me de s\u00e9curit\u00e9, ce qui le rend \u00e0 la fois facilement d\u00e9pla\u00e7able et parfaitement stable. Il est con\u00e7u pour supporter les fours \u00e0 pizza domestiques d\u2019ext\u00e9rieur, aussi bien \u00e0 bois qu\u2019\u00e0 gaz. En effet, tous les fours de la gamme Clementi peuvent \u00eatre pos\u00e9s sur ce plan de travail afin de cr\u00e9er une v\u00e9ritable cooking station de professionnel. Le plan offre \u00e9galement un large espace pour empiler le bois ou installer la bouteille de gaz, garantissant une organisation optimale. Id\u00e9al pour ceux qui recherchent praticit\u00e9 et design pour leur cuisine outdoor.     <\/p>\n","protected":false},"excerpt":{"rendered":"<p>Plan de travail multifonction couleur anthracite.<\/p>\n","protected":false},"featured_media":9561,"template":"","meta":[],"product_brand":[],"product_cat":[335,337,339],"product_tag":[],"class_list":{"0":"post-9560","1":"product","2":"type-product","3":"status-publish","4":"has-post-thumbnail","6":"product_cat-accessoires-et-pieces-detachees","7":"product_cat-accessoires-pour-four","8":"product_cat-avions-et-chariots","10":"first","11":"instock","12":"purchasable","13":"product-type-simple"},"_links":{"self":[{"href":"https:\/\/clementicompany.com\/fr\/wp-json\/wp\/v2\/product\/9560","targetHints":{"allow":["GET"]}}],"collection":[{"href":"https:\/\/clementicompany.com\/fr\/wp-json\/wp\/v2\/product"}],"about":[{"href":"https:\/\/clementicompany.com\/fr\/wp-json\/wp\/v2\/types\/product"}],"wp:featuredmedia":[{"embeddable":true,"href":"https:\/\/clementicompany.com\/fr\/wp-json\/wp\/v2\/media\/9561"}],"wp:attachment":[{"href":"https:\/\/clementicompany.com\/fr\/wp-json\/wp\/v2\/media?parent=9560"}],"wp:term":[{"taxonomy":"product_brand","embeddable":true,"href":"https:\/\/clementicompany.com\/fr\/wp-json\/wp\/v2\/product_brand?post=9560"},{"taxonomy":"product_cat","embeddable":true,"href":"https:\/\/clementicompany.com\/fr\/wp-json\/wp\/v2\/product_cat?post=9560"},{"taxonomy":"product_tag","embeddable":true,"href":"https:\/\/clementicompany.com\/fr\/wp-json\/wp\/v2\/product_tag?post=9560"}],"curies":[{"name":"wp","href":"https:\/\/api.w.org\/{rel}","templated":true}]}}