{"id":9558,"date":"2024-09-12T22:11:29","date_gmt":"2024-09-12T20:11:29","guid":{"rendered":"https:\/\/clementicompany.com\/prodotto\/chariot-modulaire-avec-porte-bouteille-de-gaz\/"},"modified":"2024-09-12T22:11:29","modified_gmt":"2024-09-12T20:11:29","slug":"chariot-modulaire-avec-porte-bouteille-de-gaz","status":"publish","type":"product","link":"https:\/\/clementicompany.com\/fr\/produits\/chariot-modulaire-avec-porte-bouteille-de-gaz\/","title":{"rendered":"Chariot modulaire avec porte-bouteille de gaz"},"content":{"rendered":"<p>Le chariot modulaire avec porte-bouteille de gaz est l\u2019accessoire id\u00e9al pour les fours \u00e0 gaz Remida, Clementino, Pulcinella et Gold 60&#215;60. Con\u00e7u pour offrir stabilit\u00e9 et praticit\u00e9, ce chariot permet de placer la bouteille de gaz de mani\u00e8re pratique, en la maintenant en s\u00e9curit\u00e9 et hors de vue. Son design modulaire offre \u00e9galement un espace d\u2019appui suppl\u00e9mentaire pour les ustensiles, le bois ou les ingr\u00e9dients, rendant votre exp\u00e9rience de cuisson en ext\u00e9rieur plus organis\u00e9e et fonctionnelle.  <\/p>\n","protected":false},"excerpt":{"rendered":"<p>Chariot modulaire avec porte-bouteille de gaz.<\/p>\n","protected":false},"featured_media":9559,"template":"","meta":[],"product_brand":[],"product_cat":[337,339],"product_tag":[],"class_list":{"0":"post-9558","1":"product","2":"type-product","3":"status-publish","4":"has-post-thumbnail","6":"product_cat-accessoires-pour-four","7":"product_cat-avions-et-chariots","9":"first","10":"instock","11":"purchasable","12":"product-type-simple"},"_links":{"self":[{"href":"https:\/\/clementicompany.com\/fr\/wp-json\/wp\/v2\/product\/9558","targetHints":{"allow":["GET"]}}],"collection":[{"href":"https:\/\/clementicompany.com\/fr\/wp-json\/wp\/v2\/product"}],"about":[{"href":"https:\/\/clementicompany.com\/fr\/wp-json\/wp\/v2\/types\/product"}],"wp:featuredmedia":[{"embeddable":true,"href":"https:\/\/clementicompany.com\/fr\/wp-json\/wp\/v2\/media\/9559"}],"wp:attachment":[{"href":"https:\/\/clementicompany.com\/fr\/wp-json\/wp\/v2\/media?parent=9558"}],"wp:term":[{"taxonomy":"product_brand","embeddable":true,"href":"https:\/\/clementicompany.com\/fr\/wp-json\/wp\/v2\/product_brand?post=9558"},{"taxonomy":"product_cat","embeddable":true,"href":"https:\/\/clementicompany.com\/fr\/wp-json\/wp\/v2\/product_cat?post=9558"},{"taxonomy":"product_tag","embeddable":true,"href":"https:\/\/clementicompany.com\/fr\/wp-json\/wp\/v2\/product_tag?post=9558"}],"curies":[{"name":"wp","href":"https:\/\/api.w.org\/{rel}","templated":true}]}}