{"id":9556,"date":"2024-09-12T22:11:29","date_gmt":"2024-09-12T20:11:29","guid":{"rendered":"https:\/\/clementicompany.com\/prodotto\/chariot-modulaire-avec-etagere\/"},"modified":"2024-09-12T22:11:29","modified_gmt":"2024-09-12T20:11:29","slug":"chariot-modulaire-avec-etagere","status":"publish","type":"product","link":"https:\/\/clementicompany.com\/fr\/produits\/chariot-modulaire-avec-etagere\/","title":{"rendered":"Chariot modulaire avec \u00e9tag\u00e8re"},"content":{"rendered":"<p>Le chariot modulaire est l\u2019accessoire parfait pour votre four Clementino, Remida ou Pulcinella et Gold 60&#215;60, aussi bien \u00e0 gaz qu\u2019\u00e0 bois. Con\u00e7u pour offrir un support stable et pratique, ce chariot peut \u00eatre utilis\u00e9 pour positionner le four ou comme plan de travail ind\u00e9pendant. Dot\u00e9 d\u2019un design robuste et polyvalent, il est id\u00e9al pour organiser au mieux l\u2019espace en cuisine ou en ext\u00e9rieur, rendant la pr\u00e9paration de vos plats encore plus simple et fonctionnelle.  <\/p>\n","protected":false},"excerpt":{"rendered":"<p>Chariot modulaire avec \u00e9tag\u00e8re.<\/p>\n","protected":false},"featured_media":9557,"template":"","meta":[],"product_brand":[],"product_cat":[337,339],"product_tag":[],"class_list":{"0":"post-9556","1":"product","2":"type-product","3":"status-publish","4":"has-post-thumbnail","6":"product_cat-accessoires-pour-four","7":"product_cat-avions-et-chariots","9":"first","10":"instock","11":"purchasable","12":"product-type-simple"},"_links":{"self":[{"href":"https:\/\/clementicompany.com\/fr\/wp-json\/wp\/v2\/product\/9556","targetHints":{"allow":["GET"]}}],"collection":[{"href":"https:\/\/clementicompany.com\/fr\/wp-json\/wp\/v2\/product"}],"about":[{"href":"https:\/\/clementicompany.com\/fr\/wp-json\/wp\/v2\/types\/product"}],"wp:featuredmedia":[{"embeddable":true,"href":"https:\/\/clementicompany.com\/fr\/wp-json\/wp\/v2\/media\/9557"}],"wp:attachment":[{"href":"https:\/\/clementicompany.com\/fr\/wp-json\/wp\/v2\/media?parent=9556"}],"wp:term":[{"taxonomy":"product_brand","embeddable":true,"href":"https:\/\/clementicompany.com\/fr\/wp-json\/wp\/v2\/product_brand?post=9556"},{"taxonomy":"product_cat","embeddable":true,"href":"https:\/\/clementicompany.com\/fr\/wp-json\/wp\/v2\/product_cat?post=9556"},{"taxonomy":"product_tag","embeddable":true,"href":"https:\/\/clementicompany.com\/fr\/wp-json\/wp\/v2\/product_tag?post=9556"}],"curies":[{"name":"wp","href":"https:\/\/api.w.org\/{rel}","templated":true}]}}