{"id":9554,"date":"2024-09-12T22:11:29","date_gmt":"2024-09-12T20:11:29","guid":{"rendered":"https:\/\/clementicompany.com\/prodotto\/couvercle-pour-bac-a-pate-a-pizza-60x40\/"},"modified":"2024-09-12T22:11:29","modified_gmt":"2024-09-12T20:11:29","slug":"couvercle-pour-bac-a-pate-a-pizza-60x40","status":"publish","type":"product","link":"https:\/\/clementicompany.com\/fr\/produits\/couvercle-pour-bac-a-pate-a-pizza-60x40\/","title":{"rendered":"Couvercle pour bac \u00e0 p\u00e2te \u00e0 pizza 60&#215;40"},"content":{"rendered":"<p>Le couvercle pour le bac \u00e0 p\u00e2te \u00e0 pizza est indispensable pour compl\u00e9ter la caisse et conserver vos p\u00e2tes en toute s\u00e9curit\u00e9 pendant la fermentation. Fabriqu\u00e9 en poly\u00e9thyl\u00e8ne, il est compatible avec les bacs aux dimensions suivantes : 60x40x10. Il garantit une fermeture s\u00fbre et hygi\u00e9nique. Id\u00e9al pour prot\u00e9ger la p\u00e2te des agents ext\u00e9rieurs et pr\u00e9server au mieux votre pr\u00e9paration. Facile \u00e0 nettoyer et empilable, il contribue \u00e0 maintenir l\u2019ordre dans votre cuisine, aussi bien dans un environnement domestique que professionnel.    <\/p>\n","protected":false},"excerpt":{"rendered":"<p>Couvercle pour bac \u00e0 pizza aux dimensions de 60\u00d740 cm.<\/p>\n","protected":false},"featured_media":9555,"template":"","meta":[],"product_brand":[],"product_cat":[337],"product_tag":[],"class_list":{"0":"post-9554","1":"product","2":"type-product","3":"status-publish","4":"has-post-thumbnail","6":"product_cat-accessoires-pour-four","8":"first","9":"instock","10":"purchasable","11":"product-type-simple"},"_links":{"self":[{"href":"https:\/\/clementicompany.com\/fr\/wp-json\/wp\/v2\/product\/9554","targetHints":{"allow":["GET"]}}],"collection":[{"href":"https:\/\/clementicompany.com\/fr\/wp-json\/wp\/v2\/product"}],"about":[{"href":"https:\/\/clementicompany.com\/fr\/wp-json\/wp\/v2\/types\/product"}],"wp:featuredmedia":[{"embeddable":true,"href":"https:\/\/clementicompany.com\/fr\/wp-json\/wp\/v2\/media\/9555"}],"wp:attachment":[{"href":"https:\/\/clementicompany.com\/fr\/wp-json\/wp\/v2\/media?parent=9554"}],"wp:term":[{"taxonomy":"product_brand","embeddable":true,"href":"https:\/\/clementicompany.com\/fr\/wp-json\/wp\/v2\/product_brand?post=9554"},{"taxonomy":"product_cat","embeddable":true,"href":"https:\/\/clementicompany.com\/fr\/wp-json\/wp\/v2\/product_cat?post=9554"},{"taxonomy":"product_tag","embeddable":true,"href":"https:\/\/clementicompany.com\/fr\/wp-json\/wp\/v2\/product_tag?post=9554"}],"curies":[{"name":"wp","href":"https:\/\/api.w.org\/{rel}","templated":true}]}}