{"id":9552,"date":"2024-09-12T22:11:29","date_gmt":"2024-09-12T20:11:29","guid":{"rendered":"https:\/\/clementicompany.com\/prodotto\/bac-a-pate-a-pizza-60x40\/"},"modified":"2024-09-12T22:11:29","modified_gmt":"2024-09-12T20:11:29","slug":"bac-a-pate-a-pizza-60x40","status":"publish","type":"product","link":"https:\/\/clementicompany.com\/fr\/produits\/bac-a-pate-a-pizza-60x40\/","title":{"rendered":"Bac \u00e0 p\u00e2te \u00e0 pizza 60&#215;40"},"content":{"rendered":"<p>Le bac \u00e0 p\u00e2te \u00e0 pizza est parfait pour conserver les p\u00e2tes fra\u00eeches pendant la fermentation, m\u00eame sur de longues p\u00e9riodes. Fabriqu\u00e9 en poly\u00e9thyl\u00e8ne, il est s\u00fbr pour le contact alimentaire. Gr\u00e2ce \u00e0 son design empilable, il est possible de superposer plusieurs bacs avec ou sans couvercle, optimisant ainsi l\u2019espace. Sa forme rectangulaire facilite la gestion de la p\u00e2te. Lavable au lave-vaisselle, c\u2019est un accessoire essentiel pour ceux qui aiment pr\u00e9parer la pizza \u00e0 la maison ou dans un environnement professionnel. Dimensions du bac : 60x40x10.     <\/p>\n","protected":false},"excerpt":{"rendered":"<p>Bac \u00e0 p\u00e2te \u00e0 pizza aux dimensions de 60x40x10.<\/p>\n","protected":false},"featured_media":9553,"template":"","meta":[],"product_brand":[],"product_cat":[337],"product_tag":[],"class_list":{"0":"post-9552","1":"product","2":"type-product","3":"status-publish","4":"has-post-thumbnail","6":"product_cat-accessoires-pour-four","8":"first","9":"instock","10":"purchasable","11":"product-type-simple"},"_links":{"self":[{"href":"https:\/\/clementicompany.com\/fr\/wp-json\/wp\/v2\/product\/9552","targetHints":{"allow":["GET"]}}],"collection":[{"href":"https:\/\/clementicompany.com\/fr\/wp-json\/wp\/v2\/product"}],"about":[{"href":"https:\/\/clementicompany.com\/fr\/wp-json\/wp\/v2\/types\/product"}],"wp:featuredmedia":[{"embeddable":true,"href":"https:\/\/clementicompany.com\/fr\/wp-json\/wp\/v2\/media\/9553"}],"wp:attachment":[{"href":"https:\/\/clementicompany.com\/fr\/wp-json\/wp\/v2\/media?parent=9552"}],"wp:term":[{"taxonomy":"product_brand","embeddable":true,"href":"https:\/\/clementicompany.com\/fr\/wp-json\/wp\/v2\/product_brand?post=9552"},{"taxonomy":"product_cat","embeddable":true,"href":"https:\/\/clementicompany.com\/fr\/wp-json\/wp\/v2\/product_cat?post=9552"},{"taxonomy":"product_tag","embeddable":true,"href":"https:\/\/clementicompany.com\/fr\/wp-json\/wp\/v2\/product_tag?post=9552"}],"curies":[{"name":"wp","href":"https:\/\/api.w.org\/{rel}","templated":true}]}}