{"id":9548,"date":"2024-09-12T22:11:29","date_gmt":"2024-09-12T20:11:29","guid":{"rendered":"https:\/\/clementicompany.com\/prodotto\/bac-a-pate-a-pizza-40x30\/"},"modified":"2024-09-12T22:11:29","modified_gmt":"2024-09-12T20:11:29","slug":"bac-a-pate-a-pizza-40x30","status":"publish","type":"product","link":"https:\/\/clementicompany.com\/fr\/produits\/bac-a-pate-a-pizza-40x30\/","title":{"rendered":"Bac \u00e0 p\u00e2te \u00e0 pizza 40&#215;30"},"content":{"rendered":"<p>La bac \u00e0 p\u00e2te \u00e0 pizza est id\u00e9al pour conserver les p\u00e2tons frais pendant la lev\u00e9e, m\u00eame sur de longues p\u00e9riodes. Fabriqu\u00e9 en poly\u00e9thyl\u00e8ne, il est adapt\u00e9 au contact alimentaire. Gr\u00e2ce \u00e0 son design empilable, plusieurs bacs peuvent \u00eatre superpos\u00e9s avec ou sans couvercle, optimisant ainsi l\u2019espace. Sa forme rectangulaire facilite la gestion de la p\u00e2te. Lavable au lave-vaisselle, c\u2019est un accessoire essentiel pour pr\u00e9parer la pizza \u00e0 la maison ou en milieu professionnel.<br \/>Dimensions : 40x30x10 cm     <\/p>\n","protected":false},"excerpt":{"rendered":"<p>Bac \u00e0 p\u00e2te \u00e0 pizza dimensions 40x30x10 cm<\/p>\n","protected":false},"featured_media":9549,"template":"","meta":[],"product_brand":[],"product_cat":[337],"product_tag":[],"class_list":{"0":"post-9548","1":"product","2":"type-product","3":"status-publish","4":"has-post-thumbnail","6":"product_cat-accessoires-pour-four","8":"first","9":"instock","10":"purchasable","11":"product-type-simple"},"_links":{"self":[{"href":"https:\/\/clementicompany.com\/fr\/wp-json\/wp\/v2\/product\/9548","targetHints":{"allow":["GET"]}}],"collection":[{"href":"https:\/\/clementicompany.com\/fr\/wp-json\/wp\/v2\/product"}],"about":[{"href":"https:\/\/clementicompany.com\/fr\/wp-json\/wp\/v2\/types\/product"}],"wp:featuredmedia":[{"embeddable":true,"href":"https:\/\/clementicompany.com\/fr\/wp-json\/wp\/v2\/media\/9549"}],"wp:attachment":[{"href":"https:\/\/clementicompany.com\/fr\/wp-json\/wp\/v2\/media?parent=9548"}],"wp:term":[{"taxonomy":"product_brand","embeddable":true,"href":"https:\/\/clementicompany.com\/fr\/wp-json\/wp\/v2\/product_brand?post=9548"},{"taxonomy":"product_cat","embeddable":true,"href":"https:\/\/clementicompany.com\/fr\/wp-json\/wp\/v2\/product_cat?post=9548"},{"taxonomy":"product_tag","embeddable":true,"href":"https:\/\/clementicompany.com\/fr\/wp-json\/wp\/v2\/product_tag?post=9548"}],"curies":[{"name":"wp","href":"https:\/\/api.w.org\/{rel}","templated":true}]}}