{"id":9546,"date":"2024-09-12T22:11:29","date_gmt":"2024-09-12T20:11:29","guid":{"rendered":"https:\/\/clementicompany.com\/prodotto\/cuiseur-a-arrosticini\/"},"modified":"2024-09-12T22:11:29","modified_gmt":"2024-09-12T20:11:29","slug":"cuiseur-a-arrosticini","status":"publish","type":"product","link":"https:\/\/clementicompany.com\/fr\/produits\/cuiseur-a-arrosticini\/","title":{"rendered":"Cuiseur \u00e0 arrosticini"},"content":{"rendered":"<p>Vous cherchez la solution id\u00e9ale pour cuire les arrosticini au barbecue ? D\u00e9couvrez notre cuiseur \u00e0 arrosticini, con\u00e7u pour garantir une cuisson uniforme et parfaite de chaque brochette. Fabriqu\u00e9 en acier inoxydable 304, r\u00e9sistant et facile \u00e0 nettoyer, cet accessoire est compatible avec tous les barbecues. Il suffit d\u2019y ins\u00e9rer la braise ou de le placer sur la grille\/plaque du barbecue pour obtenir des arrosticini savoureux et juteux \u00e0 chaque cuisson. Parfait pour les amateurs d\u2019arrosticini qui souhaitent impressionner leurs invit\u00e9s.<\/p>\n<p>    <\/p>\n","protected":false},"excerpt":{"rendered":"<p>Cuiseur \u00e0 arrosticini en acier inoxydable.<\/p>\n","protected":false},"featured_media":9547,"template":"","meta":[],"product_brand":[],"product_cat":[335,336],"product_tag":[],"class_list":{"0":"post-9546","1":"product","2":"type-product","3":"status-publish","4":"has-post-thumbnail","6":"product_cat-accessoires-et-pieces-detachees","7":"product_cat-accessoires-pour-barbecue","9":"first","10":"instock","11":"purchasable","12":"product-type-simple"},"_links":{"self":[{"href":"https:\/\/clementicompany.com\/fr\/wp-json\/wp\/v2\/product\/9546","targetHints":{"allow":["GET"]}}],"collection":[{"href":"https:\/\/clementicompany.com\/fr\/wp-json\/wp\/v2\/product"}],"about":[{"href":"https:\/\/clementicompany.com\/fr\/wp-json\/wp\/v2\/types\/product"}],"wp:featuredmedia":[{"embeddable":true,"href":"https:\/\/clementicompany.com\/fr\/wp-json\/wp\/v2\/media\/9547"}],"wp:attachment":[{"href":"https:\/\/clementicompany.com\/fr\/wp-json\/wp\/v2\/media?parent=9546"}],"wp:term":[{"taxonomy":"product_brand","embeddable":true,"href":"https:\/\/clementicompany.com\/fr\/wp-json\/wp\/v2\/product_brand?post=9546"},{"taxonomy":"product_cat","embeddable":true,"href":"https:\/\/clementicompany.com\/fr\/wp-json\/wp\/v2\/product_cat?post=9546"},{"taxonomy":"product_tag","embeddable":true,"href":"https:\/\/clementicompany.com\/fr\/wp-json\/wp\/v2\/product_tag?post=9546"}],"curies":[{"name":"wp","href":"https:\/\/api.w.org\/{rel}","templated":true}]}}