{"id":9542,"date":"2024-09-12T22:11:29","date_gmt":"2024-09-12T20:11:29","guid":{"rendered":"https:\/\/clementicompany.com\/prodotto\/grille-icon\/"},"modified":"2024-09-12T22:11:29","modified_gmt":"2024-09-12T20:11:29","slug":"grille-icon","status":"publish","type":"product","link":"https:\/\/clementicompany.com\/fr\/produits\/grille-icon\/","title":{"rendered":"Grille Icon"},"content":{"rendered":"<p>La grille est compatible avec les mod\u00e8les de barbecue Icon 80 et 100 et permet une cuisson multiple, offrant plus de polyvalence et la possibilit\u00e9 de pr\u00e9parer plusieurs plats simultan\u00e9ment. Con\u00e7ue pour garantir des performances \u00e9lev\u00e9es, elle est id\u00e9ale pour optimiser chaque session de barbecue et obtenir d\u2019excellents r\u00e9sultats avec votre barbecue Icon. <\/p>\n","protected":false},"excerpt":{"rendered":"<p>Grille suppl\u00e9mentaire pour barbecue Icon.<\/p>\n","protected":false},"featured_media":9543,"template":"","meta":[],"product_brand":[],"product_cat":[336],"product_tag":[],"class_list":{"0":"post-9542","1":"product","2":"type-product","3":"status-publish","4":"has-post-thumbnail","6":"product_cat-accessoires-pour-barbecue","8":"first","9":"instock","10":"purchasable","11":"product-type-simple"},"_links":{"self":[{"href":"https:\/\/clementicompany.com\/fr\/wp-json\/wp\/v2\/product\/9542","targetHints":{"allow":["GET"]}}],"collection":[{"href":"https:\/\/clementicompany.com\/fr\/wp-json\/wp\/v2\/product"}],"about":[{"href":"https:\/\/clementicompany.com\/fr\/wp-json\/wp\/v2\/types\/product"}],"wp:featuredmedia":[{"embeddable":true,"href":"https:\/\/clementicompany.com\/fr\/wp-json\/wp\/v2\/media\/9543"}],"wp:attachment":[{"href":"https:\/\/clementicompany.com\/fr\/wp-json\/wp\/v2\/media?parent=9542"}],"wp:term":[{"taxonomy":"product_brand","embeddable":true,"href":"https:\/\/clementicompany.com\/fr\/wp-json\/wp\/v2\/product_brand?post=9542"},{"taxonomy":"product_cat","embeddable":true,"href":"https:\/\/clementicompany.com\/fr\/wp-json\/wp\/v2\/product_cat?post=9542"},{"taxonomy":"product_tag","embeddable":true,"href":"https:\/\/clementicompany.com\/fr\/wp-json\/wp\/v2\/product_tag?post=9542"}],"curies":[{"name":"wp","href":"https:\/\/api.w.org\/{rel}","templated":true}]}}