{"id":9540,"date":"2024-09-12T22:11:29","date_gmt":"2024-09-12T20:11:29","guid":{"rendered":"https:\/\/clementicompany.com\/prodotto\/grille-colorado\/"},"modified":"2024-09-12T22:11:29","modified_gmt":"2024-09-12T20:11:29","slug":"grille-colorado","status":"publish","type":"product","link":"https:\/\/clementicompany.com\/fr\/produits\/grille-colorado\/","title":{"rendered":"Grille Colorado"},"content":{"rendered":"<p>La grille pour le barbecue Colorado est l\u2019accessoire id\u00e9al pour \u00e9largir vos possibilit\u00e9s de cuisson. R\u00e9alis\u00e9e en acier inoxydable 304, elle permet de cuisiner simultan\u00e9ment sur la plaque et sur la grille, optimisant ainsi la pr\u00e9paration de vos plats. Parfaite pour une cuisson multiple, elle offre durabilit\u00e9 et r\u00e9sistance, garantissant d\u2019excellents r\u00e9sultats \u00e0 chaque barbecue. Ajoutez polyvalence et praticit\u00e9 \u00e0 votre barbecue Colorado et surprenez vos invit\u00e9s.   <\/p>\n","protected":false},"excerpt":{"rendered":"<p>Grille compatible avec le barbecue Colorado<\/p>\n","protected":false},"featured_media":9541,"template":"","meta":[],"product_brand":[],"product_cat":[335,336,338],"product_tag":[],"class_list":{"0":"post-9540","1":"product","2":"type-product","3":"status-publish","4":"has-post-thumbnail","6":"product_cat-accessoires-et-pieces-detachees","7":"product_cat-accessoires-pour-barbecue","8":"product_cat-accessoires-pour-barbecues","10":"first","11":"instock","12":"purchasable","13":"product-type-simple"},"_links":{"self":[{"href":"https:\/\/clementicompany.com\/fr\/wp-json\/wp\/v2\/product\/9540","targetHints":{"allow":["GET"]}}],"collection":[{"href":"https:\/\/clementicompany.com\/fr\/wp-json\/wp\/v2\/product"}],"about":[{"href":"https:\/\/clementicompany.com\/fr\/wp-json\/wp\/v2\/types\/product"}],"wp:featuredmedia":[{"embeddable":true,"href":"https:\/\/clementicompany.com\/fr\/wp-json\/wp\/v2\/media\/9541"}],"wp:attachment":[{"href":"https:\/\/clementicompany.com\/fr\/wp-json\/wp\/v2\/media?parent=9540"}],"wp:term":[{"taxonomy":"product_brand","embeddable":true,"href":"https:\/\/clementicompany.com\/fr\/wp-json\/wp\/v2\/product_brand?post=9540"},{"taxonomy":"product_cat","embeddable":true,"href":"https:\/\/clementicompany.com\/fr\/wp-json\/wp\/v2\/product_cat?post=9540"},{"taxonomy":"product_tag","embeddable":true,"href":"https:\/\/clementicompany.com\/fr\/wp-json\/wp\/v2\/product_tag?post=9540"}],"curies":[{"name":"wp","href":"https:\/\/api.w.org\/{rel}","templated":true}]}}