{"id":9538,"date":"2024-09-12T22:11:12","date_gmt":"2024-09-12T20:11:12","guid":{"rendered":"https:\/\/clementicompany.com\/prodotto\/kit-de-pelles\/"},"modified":"2024-09-12T22:11:12","modified_gmt":"2024-09-12T20:11:12","slug":"kit-de-pelles","status":"publish","type":"product","link":"https:\/\/clementicompany.com\/fr\/produits\/kit-de-pelles\/","title":{"rendered":"Kit de pelles"},"content":{"rendered":"<p>Le kit de pelles Clementi comprend tout le n\u00e9cessaire pour une exp\u00e9rience de cuisson parfaite : pelle rectangulaire en inox, pelle ronde en inox et brosse pour le nettoyage de la sole r\u00e9fractaire. Les manches en bois garantissent une prise s\u00fbre. Id\u00e9al pour enfourner et manipuler la pizza avec facilit\u00e9 et pr\u00e9cision !  <\/p>\n","protected":false},"excerpt":{"rendered":"<p>Kit de pelles comprenant pelle, pelle ronde et brosse.<\/p>\n","protected":false},"featured_media":9539,"template":"","meta":[],"product_brand":[],"product_cat":[335,337],"product_tag":[],"class_list":{"0":"post-9538","1":"product","2":"type-product","3":"status-publish","4":"has-post-thumbnail","6":"product_cat-accessoires-et-pieces-detachees","7":"product_cat-accessoires-pour-four","9":"first","10":"instock","11":"purchasable","12":"product-type-simple"},"_links":{"self":[{"href":"https:\/\/clementicompany.com\/fr\/wp-json\/wp\/v2\/product\/9538","targetHints":{"allow":["GET"]}}],"collection":[{"href":"https:\/\/clementicompany.com\/fr\/wp-json\/wp\/v2\/product"}],"about":[{"href":"https:\/\/clementicompany.com\/fr\/wp-json\/wp\/v2\/types\/product"}],"wp:featuredmedia":[{"embeddable":true,"href":"https:\/\/clementicompany.com\/fr\/wp-json\/wp\/v2\/media\/9539"}],"wp:attachment":[{"href":"https:\/\/clementicompany.com\/fr\/wp-json\/wp\/v2\/media?parent=9538"}],"wp:term":[{"taxonomy":"product_brand","embeddable":true,"href":"https:\/\/clementicompany.com\/fr\/wp-json\/wp\/v2\/product_brand?post=9538"},{"taxonomy":"product_cat","embeddable":true,"href":"https:\/\/clementicompany.com\/fr\/wp-json\/wp\/v2\/product_cat?post=9538"},{"taxonomy":"product_tag","embeddable":true,"href":"https:\/\/clementicompany.com\/fr\/wp-json\/wp\/v2\/product_tag?post=9538"}],"curies":[{"name":"wp","href":"https:\/\/api.w.org\/{rel}","templated":true}]}}