{"id":9536,"date":"2024-09-12T22:11:12","date_gmt":"2024-09-12T20:11:12","guid":{"rendered":"https:\/\/clementicompany.com\/prodotto\/pelle-ronde-en-inox\/"},"modified":"2024-09-12T22:11:12","modified_gmt":"2024-09-12T20:11:12","slug":"pelle-ronde-en-inox","status":"publish","type":"product","link":"https:\/\/clementicompany.com\/fr\/produits\/pelle-ronde-en-inox\/","title":{"rendered":"Pelle ronde en inox"},"content":{"rendered":"<p>La pelle ronde en acier inoxydable avec manche en bois est l\u2019accessoire id\u00e9al pour tourner et manipuler les pizzas dans un four \u00e0 bois ou \u00e0 gaz. Gr\u00e2ce \u00e0 sa forme compacte et l\u00e9g\u00e8re, elle permet une cuisson uniforme et pr\u00e9cise. Le manche en bois assure une prise en main confortable et pratique.<br \/>Dimensions :<br \/>\nLongueur totale : 110 cm<br \/>\nManche : 93 cm<br \/>Pelle : \u00d8 17 cm    <\/p>\n","protected":false},"excerpt":{"rendered":"<p>Pelle ronde en inox avec manche en bois.<\/p>\n","protected":false},"featured_media":9537,"template":"","meta":[],"product_brand":[],"product_cat":[335,337],"product_tag":[],"class_list":{"0":"post-9536","1":"product","2":"type-product","3":"status-publish","4":"has-post-thumbnail","6":"product_cat-accessoires-et-pieces-detachees","7":"product_cat-accessoires-pour-four","9":"first","10":"instock","11":"purchasable","12":"product-type-simple"},"_links":{"self":[{"href":"https:\/\/clementicompany.com\/fr\/wp-json\/wp\/v2\/product\/9536","targetHints":{"allow":["GET"]}}],"collection":[{"href":"https:\/\/clementicompany.com\/fr\/wp-json\/wp\/v2\/product"}],"about":[{"href":"https:\/\/clementicompany.com\/fr\/wp-json\/wp\/v2\/types\/product"}],"wp:featuredmedia":[{"embeddable":true,"href":"https:\/\/clementicompany.com\/fr\/wp-json\/wp\/v2\/media\/9537"}],"wp:attachment":[{"href":"https:\/\/clementicompany.com\/fr\/wp-json\/wp\/v2\/media?parent=9536"}],"wp:term":[{"taxonomy":"product_brand","embeddable":true,"href":"https:\/\/clementicompany.com\/fr\/wp-json\/wp\/v2\/product_brand?post=9536"},{"taxonomy":"product_cat","embeddable":true,"href":"https:\/\/clementicompany.com\/fr\/wp-json\/wp\/v2\/product_cat?post=9536"},{"taxonomy":"product_tag","embeddable":true,"href":"https:\/\/clementicompany.com\/fr\/wp-json\/wp\/v2\/product_tag?post=9536"}],"curies":[{"name":"wp","href":"https:\/\/api.w.org\/{rel}","templated":true}]}}