{"id":9527,"date":"2024-09-12T22:11:12","date_gmt":"2024-09-12T20:11:12","guid":{"rendered":"https:\/\/clementicompany.com\/prodotto\/pelle-rectangulaire-en-inox\/"},"modified":"2024-09-12T22:11:12","modified_gmt":"2024-09-12T20:11:12","slug":"pelle-rectangulaire-en-inox","status":"publish","type":"product","link":"https:\/\/clementicompany.com\/fr\/produits\/pelle-rectangulaire-en-inox\/","title":{"rendered":"Pelle rectangulaire en inox"},"content":{"rendered":"<p>La pelle rectangulaire en acier inoxydable avec manche en bois est parfaite pour enfourner et d\u00e9fourner les pizzas avec facilit\u00e9 et pr\u00e9cision. Le long manche assure une excellente prise en main et une grande s\u00e9curit\u00e9 d\u2019utilisation, tandis que la pelle en inox garantit r\u00e9sistance et durabilit\u00e9 dans le temps. Id\u00e9ale pour les fours \u00e0 pizza \u00e0 bois et \u00e0 gaz. Dimensions : longueur totale 120 cm, manche 95 cm, pelle 30 \u00d7 25 cm.   <\/p>\n","protected":false},"excerpt":{"rendered":"<p>Pelle rectangulaire en inox avec manche en bois.<\/p>\n","protected":false},"featured_media":9528,"template":"","meta":[],"product_brand":[],"product_cat":[335,337],"product_tag":[],"class_list":{"0":"post-9527","1":"product","2":"type-product","3":"status-publish","4":"has-post-thumbnail","6":"product_cat-accessoires-et-pieces-detachees","7":"product_cat-accessoires-pour-four","9":"first","10":"instock","11":"purchasable","12":"product-type-simple"},"_links":{"self":[{"href":"https:\/\/clementicompany.com\/fr\/wp-json\/wp\/v2\/product\/9527","targetHints":{"allow":["GET"]}}],"collection":[{"href":"https:\/\/clementicompany.com\/fr\/wp-json\/wp\/v2\/product"}],"about":[{"href":"https:\/\/clementicompany.com\/fr\/wp-json\/wp\/v2\/types\/product"}],"wp:featuredmedia":[{"embeddable":true,"href":"https:\/\/clementicompany.com\/fr\/wp-json\/wp\/v2\/media\/9528"}],"wp:attachment":[{"href":"https:\/\/clementicompany.com\/fr\/wp-json\/wp\/v2\/media?parent=9527"}],"wp:term":[{"taxonomy":"product_brand","embeddable":true,"href":"https:\/\/clementicompany.com\/fr\/wp-json\/wp\/v2\/product_brand?post=9527"},{"taxonomy":"product_cat","embeddable":true,"href":"https:\/\/clementicompany.com\/fr\/wp-json\/wp\/v2\/product_cat?post=9527"},{"taxonomy":"product_tag","embeddable":true,"href":"https:\/\/clementicompany.com\/fr\/wp-json\/wp\/v2\/product_tag?post=9527"}],"curies":[{"name":"wp","href":"https:\/\/api.w.org\/{rel}","templated":true}]}}