{"id":9525,"date":"2024-09-12T22:11:12","date_gmt":"2024-09-12T20:11:12","guid":{"rendered":"https:\/\/clementicompany.com\/prodotto\/brosse\/"},"modified":"2024-09-12T22:11:12","modified_gmt":"2024-09-12T20:11:12","slug":"brosse","status":"publish","type":"product","link":"https:\/\/clementicompany.com\/fr\/produits\/brosse\/","title":{"rendered":"Brosse"},"content":{"rendered":"<p>Dot\u00e9e d\u2019une t\u00eate de 15 cm et de poils en laiton, cette brosse est l\u2019accessoire id\u00e9al pour le nettoyage de la pierre r\u00e9fractaire du four. Gr\u00e2ce \u00e0 son manche de 90 cm, elle garantit un nettoyage en toute s\u00e9curit\u00e9, m\u00eame lorsque le four est chaud. Dimensions : longueur totale 110 cm, manche 95 cm, brosse 5 \u00d7 15 cm.  <\/p>\n","protected":false},"excerpt":{"rendered":"<p>Brosse pour fours \u00e0 pizza avec manche en bois.<\/p>\n","protected":false},"featured_media":9526,"template":"","meta":[],"product_brand":[],"product_cat":[335,337],"product_tag":[],"class_list":{"0":"post-9525","1":"product","2":"type-product","3":"status-publish","4":"has-post-thumbnail","6":"product_cat-accessoires-et-pieces-detachees","7":"product_cat-accessoires-pour-four","9":"first","10":"instock","11":"purchasable","12":"product-type-simple"},"_links":{"self":[{"href":"https:\/\/clementicompany.com\/fr\/wp-json\/wp\/v2\/product\/9525","targetHints":{"allow":["GET"]}}],"collection":[{"href":"https:\/\/clementicompany.com\/fr\/wp-json\/wp\/v2\/product"}],"about":[{"href":"https:\/\/clementicompany.com\/fr\/wp-json\/wp\/v2\/types\/product"}],"wp:featuredmedia":[{"embeddable":true,"href":"https:\/\/clementicompany.com\/fr\/wp-json\/wp\/v2\/media\/9526"}],"wp:attachment":[{"href":"https:\/\/clementicompany.com\/fr\/wp-json\/wp\/v2\/media?parent=9525"}],"wp:term":[{"taxonomy":"product_brand","embeddable":true,"href":"https:\/\/clementicompany.com\/fr\/wp-json\/wp\/v2\/product_brand?post=9525"},{"taxonomy":"product_cat","embeddable":true,"href":"https:\/\/clementicompany.com\/fr\/wp-json\/wp\/v2\/product_cat?post=9525"},{"taxonomy":"product_tag","embeddable":true,"href":"https:\/\/clementicompany.com\/fr\/wp-json\/wp\/v2\/product_tag?post=9525"}],"curies":[{"name":"wp","href":"https:\/\/api.w.org\/{rel}","templated":true}]}}