{"id":9522,"date":"2024-09-12T22:11:12","date_gmt":"2024-09-12T20:11:12","guid":{"rendered":"https:\/\/clementicompany.com\/prodotto\/kit-de-pelles-professionnel\/"},"modified":"2024-09-12T22:11:12","modified_gmt":"2024-09-12T20:11:12","slug":"kit-de-pelles-professionnel","status":"publish","type":"product","link":"https:\/\/clementicompany.com\/fr\/produits\/kit-de-pelles-professionnel\/","title":{"rendered":"Kit de pelles professionnel"},"content":{"rendered":"<p>Le kit de pelles professionnel Clementi est le choix id\u00e9al pour ceux qui commencent \u00e0 utiliser un four \u00e0 pizza ou un four \u00e0 bois \u00e0 cuisson indirecte et souhaitent s\u2019\u00e9quiper d\u2019outils de haute qualit\u00e9. L\u2019ensemble complet comprend : <\/p>\n<p>Pelle professionnelle en aluminium : pour enfourner et d\u00e9fourner les pizzas, dot\u00e9e d\u2019une t\u00eate perfor\u00e9e afin de faciliter l\u2019utilisation et d\u2019optimiser les performances de cuisson.<br \/>Petite pelle professionnelle en aluminium : pour manipuler et tourner les pizzas pendant la cuisson.<br \/>Brosse professionnelle avec spatule : \u00e9quip\u00e9e de poils r\u00e9sistants, pour un nettoyage efficace de la pierre du four.<br \/>Chaque outil est con\u00e7u pour offrir durabilit\u00e9 et performance, rendant la pr\u00e9paration des pizzas simple et agr\u00e9able, comme un v\u00e9ritable professionnel. Id\u00e9al pour tout type de four, ce kit est l\u2019accessoire indispensable pour tous les amateurs de pizza. <\/p>\n","protected":false},"excerpt":{"rendered":"<p>Kit professionnel de pelles \u2013 3 pi\u00e8ces<\/p>\n","protected":false},"featured_media":9524,"template":"","meta":[],"product_brand":[],"product_cat":[335,337],"product_tag":[],"class_list":{"0":"post-9522","1":"product","2":"type-product","3":"status-publish","4":"has-post-thumbnail","6":"product_cat-accessoires-et-pieces-detachees","7":"product_cat-accessoires-pour-four","9":"first","10":"instock","11":"purchasable","12":"product-type-simple"},"_links":{"self":[{"href":"https:\/\/clementicompany.com\/fr\/wp-json\/wp\/v2\/product\/9522","targetHints":{"allow":["GET"]}}],"collection":[{"href":"https:\/\/clementicompany.com\/fr\/wp-json\/wp\/v2\/product"}],"about":[{"href":"https:\/\/clementicompany.com\/fr\/wp-json\/wp\/v2\/types\/product"}],"wp:featuredmedia":[{"embeddable":true,"href":"https:\/\/clementicompany.com\/fr\/wp-json\/wp\/v2\/media\/9524"}],"wp:attachment":[{"href":"https:\/\/clementicompany.com\/fr\/wp-json\/wp\/v2\/media?parent=9522"}],"wp:term":[{"taxonomy":"product_brand","embeddable":true,"href":"https:\/\/clementicompany.com\/fr\/wp-json\/wp\/v2\/product_brand?post=9522"},{"taxonomy":"product_cat","embeddable":true,"href":"https:\/\/clementicompany.com\/fr\/wp-json\/wp\/v2\/product_cat?post=9522"},{"taxonomy":"product_tag","embeddable":true,"href":"https:\/\/clementicompany.com\/fr\/wp-json\/wp\/v2\/product_tag?post=9522"}],"curies":[{"name":"wp","href":"https:\/\/api.w.org\/{rel}","templated":true}]}}