{"id":9516,"date":"2024-09-12T22:11:12","date_gmt":"2024-09-12T20:11:12","guid":{"rendered":"https:\/\/clementicompany.com\/prodotto\/brosse-professionnelle\/"},"modified":"2024-09-12T22:11:12","modified_gmt":"2024-09-12T20:11:12","slug":"brosse-professionnelle","status":"publish","type":"product","link":"https:\/\/clementicompany.com\/fr\/produits\/brosse-professionnelle\/","title":{"rendered":"Brosse professionnelle"},"content":{"rendered":"<p>La brosse professionnelle pour pizza est l\u2019accessoire id\u00e9al pour nettoyer votre four \u00e0 pizza Clementi de mani\u00e8re rapide et efficace. Dot\u00e9e d\u2019une poign\u00e9e ergonomique et de poils r\u00e9sistants, elle permet d\u2019\u00e9liminer facilement l\u2019exc\u00e8s de farine et les r\u00e9sidus alimentaires apr\u00e8s la cuisson. Parfaite pour garder votre four toujours propre et pr\u00eat \u00e0 l\u2019emploi, c\u2019est l\u2019outil indispensable pour tout amateur de pizza. Il est \u00e9galement possible de modifier l\u2019orientation de la spatule afin d\u2019atteindre chaque recoin du four.   <\/p>\n","protected":false},"excerpt":{"rendered":"<p>Brosse professionnelle pour four \u00e0 pizza.<\/p>\n","protected":false},"featured_media":9517,"template":"","meta":[],"product_brand":[],"product_cat":[335,337],"product_tag":[],"class_list":{"0":"post-9516","1":"product","2":"type-product","3":"status-publish","4":"has-post-thumbnail","6":"product_cat-accessoires-et-pieces-detachees","7":"product_cat-accessoires-pour-four","9":"first","10":"instock","11":"purchasable","12":"product-type-simple"},"_links":{"self":[{"href":"https:\/\/clementicompany.com\/fr\/wp-json\/wp\/v2\/product\/9516","targetHints":{"allow":["GET"]}}],"collection":[{"href":"https:\/\/clementicompany.com\/fr\/wp-json\/wp\/v2\/product"}],"about":[{"href":"https:\/\/clementicompany.com\/fr\/wp-json\/wp\/v2\/types\/product"}],"wp:featuredmedia":[{"embeddable":true,"href":"https:\/\/clementicompany.com\/fr\/wp-json\/wp\/v2\/media\/9517"}],"wp:attachment":[{"href":"https:\/\/clementicompany.com\/fr\/wp-json\/wp\/v2\/media?parent=9516"}],"wp:term":[{"taxonomy":"product_brand","embeddable":true,"href":"https:\/\/clementicompany.com\/fr\/wp-json\/wp\/v2\/product_brand?post=9516"},{"taxonomy":"product_cat","embeddable":true,"href":"https:\/\/clementicompany.com\/fr\/wp-json\/wp\/v2\/product_cat?post=9516"},{"taxonomy":"product_tag","embeddable":true,"href":"https:\/\/clementicompany.com\/fr\/wp-json\/wp\/v2\/product_tag?post=9516"}],"curies":[{"name":"wp","href":"https:\/\/api.w.org\/{rel}","templated":true}]}}