{"id":9510,"date":"2024-09-12T22:11:12","date_gmt":"2024-09-12T20:11:12","guid":{"rendered":"https:\/\/clementicompany.com\/prodotto\/spatule-pour-pizza\/"},"modified":"2024-09-12T22:11:12","modified_gmt":"2024-09-12T20:11:12","slug":"spatule-pour-pizza","status":"publish","type":"product","link":"https:\/\/clementicompany.com\/fr\/produits\/spatule-pour-pizza\/","title":{"rendered":"Spatule pour pizza"},"content":{"rendered":"<p>La spatule en aluminium pour pizza est l\u2019outil id\u00e9al pour retirer facilement vos pizzas des plaques et les d\u00e9couper avec pr\u00e9cision. Gr\u00e2ce \u00e0 sa lame ultra-fine, elle coupe m\u00eame les cro\u00fbtes les plus croustillantes. Le manche ergonomique offre une prise confortable et s\u00fbre. Parfaite pour un usage alimentaire, c\u2019est l\u2019accessoire indispensable pour servir des pizzas parfaites en toute occasion. Cet outil est \u00e9galement tr\u00e8s utile lors de la pr\u00e9paration de la pizza pour couper et d\u00e9placer la p\u00e2te.    <\/p>\n","protected":false},"excerpt":{"rendered":"<p>Spatule en aluminium pour pizza.<\/p>\n","protected":false},"featured_media":9512,"template":"","meta":[],"product_brand":[],"product_cat":[335,337],"product_tag":[],"class_list":{"0":"post-9510","1":"product","2":"type-product","3":"status-publish","4":"has-post-thumbnail","6":"product_cat-accessoires-et-pieces-detachees","7":"product_cat-accessoires-pour-four","9":"first","10":"instock","11":"purchasable","12":"product-type-simple"},"_links":{"self":[{"href":"https:\/\/clementicompany.com\/fr\/wp-json\/wp\/v2\/product\/9510","targetHints":{"allow":["GET"]}}],"collection":[{"href":"https:\/\/clementicompany.com\/fr\/wp-json\/wp\/v2\/product"}],"about":[{"href":"https:\/\/clementicompany.com\/fr\/wp-json\/wp\/v2\/types\/product"}],"wp:featuredmedia":[{"embeddable":true,"href":"https:\/\/clementicompany.com\/fr\/wp-json\/wp\/v2\/media\/9512"}],"wp:attachment":[{"href":"https:\/\/clementicompany.com\/fr\/wp-json\/wp\/v2\/media?parent=9510"}],"wp:term":[{"taxonomy":"product_brand","embeddable":true,"href":"https:\/\/clementicompany.com\/fr\/wp-json\/wp\/v2\/product_brand?post=9510"},{"taxonomy":"product_cat","embeddable":true,"href":"https:\/\/clementicompany.com\/fr\/wp-json\/wp\/v2\/product_cat?post=9510"},{"taxonomy":"product_tag","embeddable":true,"href":"https:\/\/clementicompany.com\/fr\/wp-json\/wp\/v2\/product_tag?post=9510"}],"curies":[{"name":"wp","href":"https:\/\/api.w.org\/{rel}","templated":true}]}}