{"id":9507,"date":"2024-09-12T22:11:12","date_gmt":"2024-09-12T20:11:12","guid":{"rendered":"https:\/\/clementicompany.com\/prodotto\/roulette-coupe-pizza\/"},"modified":"2024-09-12T22:11:12","modified_gmt":"2024-09-12T20:11:12","slug":"roulette-coupe-pizza","status":"publish","type":"product","link":"https:\/\/clementicompany.com\/fr\/produits\/roulette-coupe-pizza\/","title":{"rendered":"Roulette coupe-pizza"},"content":{"rendered":"<p>La roulette coupe-pizza avec lame en acier inoxydable de 10 cm et manche ergonomique en plastique est l\u2019accessoire id\u00e9al pour d\u00e9couper votre pizza rapidement et avec pr\u00e9cision. Certifi\u00e9e pour le contact alimentaire, elle garantit r\u00e9sistance et s\u00e9curit\u00e9 \u00e0 chaque utilisation. Parfaite pour ceux qui recherchent une coupe nette et uniforme, c\u2019est un indispensable pour tous les amateurs de pizza maison.  <\/p>\n","protected":false},"excerpt":{"rendered":"<p>Roulette coupe-pizza en aluminium.<\/p>\n","protected":false},"featured_media":9509,"template":"","meta":[],"product_brand":[],"product_cat":[335,337],"product_tag":[],"class_list":{"0":"post-9507","1":"product","2":"type-product","3":"status-publish","4":"has-post-thumbnail","6":"product_cat-accessoires-et-pieces-detachees","7":"product_cat-accessoires-pour-four","9":"first","10":"instock","11":"purchasable","12":"product-type-simple"},"_links":{"self":[{"href":"https:\/\/clementicompany.com\/fr\/wp-json\/wp\/v2\/product\/9507","targetHints":{"allow":["GET"]}}],"collection":[{"href":"https:\/\/clementicompany.com\/fr\/wp-json\/wp\/v2\/product"}],"about":[{"href":"https:\/\/clementicompany.com\/fr\/wp-json\/wp\/v2\/types\/product"}],"wp:featuredmedia":[{"embeddable":true,"href":"https:\/\/clementicompany.com\/fr\/wp-json\/wp\/v2\/media\/9509"}],"wp:attachment":[{"href":"https:\/\/clementicompany.com\/fr\/wp-json\/wp\/v2\/media?parent=9507"}],"wp:term":[{"taxonomy":"product_brand","embeddable":true,"href":"https:\/\/clementicompany.com\/fr\/wp-json\/wp\/v2\/product_brand?post=9507"},{"taxonomy":"product_cat","embeddable":true,"href":"https:\/\/clementicompany.com\/fr\/wp-json\/wp\/v2\/product_cat?post=9507"},{"taxonomy":"product_tag","embeddable":true,"href":"https:\/\/clementicompany.com\/fr\/wp-json\/wp\/v2\/product_tag?post=9507"}],"curies":[{"name":"wp","href":"https:\/\/api.w.org\/{rel}","templated":true}]}}