{"id":9499,"date":"2024-09-12T22:11:12","date_gmt":"2024-09-12T20:11:12","guid":{"rendered":"https:\/\/clementicompany.com\/prodotto\/planche-a-decouper-ronde-avec-quartiers-graves\/"},"modified":"2024-09-12T22:11:12","modified_gmt":"2024-09-12T20:11:12","slug":"planche-a-decouper-ronde-avec-quartiers-graves","status":"publish","type":"product","link":"https:\/\/clementicompany.com\/fr\/produits\/planche-a-decouper-ronde-avec-quartiers-graves\/","title":{"rendered":"Planche \u00e0 d\u00e9couper ronde avec quartiers grav\u00e9s"},"content":{"rendered":"<p>La planche \u00e0 d\u00e9couper ronde avec quartiers grav\u00e9s, d\u2019un diam\u00e8tre de 44 cm, est l\u2019accessoire id\u00e9al pour servir la pizza et d\u2019autres plats de mani\u00e8re \u00e9l\u00e9gante et pratique. Les quartiers grav\u00e9s facilitent la d\u00e9coupe et le partage des portions, la rendant parfaite pour des moments conviviaux entre amis ou en famille. R\u00e9alis\u00e9e en bois de h\u00eatre et finie avec un traitement adapt\u00e9 au contact alimentaire, elle constitue un compl\u00e9ment fonctionnel pour toute cuisine ou espace barbecue.  <\/p>\n","protected":false},"excerpt":{"rendered":"<p>Planche \u00e0 d\u00e9couper ronde avec quartiers grav\u00e9s. Diam\u00e8tre 44 cm. <\/p>\n","protected":false},"featured_media":9500,"template":"","meta":[],"product_brand":[],"product_cat":[337],"product_tag":[],"class_list":{"0":"post-9499","1":"product","2":"type-product","3":"status-publish","4":"has-post-thumbnail","6":"product_cat-accessoires-pour-four","8":"first","9":"instock","10":"purchasable","11":"product-type-simple"},"_links":{"self":[{"href":"https:\/\/clementicompany.com\/fr\/wp-json\/wp\/v2\/product\/9499","targetHints":{"allow":["GET"]}}],"collection":[{"href":"https:\/\/clementicompany.com\/fr\/wp-json\/wp\/v2\/product"}],"about":[{"href":"https:\/\/clementicompany.com\/fr\/wp-json\/wp\/v2\/types\/product"}],"wp:featuredmedia":[{"embeddable":true,"href":"https:\/\/clementicompany.com\/fr\/wp-json\/wp\/v2\/media\/9500"}],"wp:attachment":[{"href":"https:\/\/clementicompany.com\/fr\/wp-json\/wp\/v2\/media?parent=9499"}],"wp:term":[{"taxonomy":"product_brand","embeddable":true,"href":"https:\/\/clementicompany.com\/fr\/wp-json\/wp\/v2\/product_brand?post=9499"},{"taxonomy":"product_cat","embeddable":true,"href":"https:\/\/clementicompany.com\/fr\/wp-json\/wp\/v2\/product_cat?post=9499"},{"taxonomy":"product_tag","embeddable":true,"href":"https:\/\/clementicompany.com\/fr\/wp-json\/wp\/v2\/product_tag?post=9499"}],"curies":[{"name":"wp","href":"https:\/\/api.w.org\/{rel}","templated":true}]}}