{"id":9479,"date":"2024-09-18T15:20:21","date_gmt":"2024-09-18T13:20:21","guid":{"rendered":"https:\/\/clementicompany.com\/prodotto\/elite-classique\/"},"modified":"2024-09-18T15:20:21","modified_gmt":"2024-09-18T13:20:21","slug":"elite-classique","status":"publish","type":"product","link":"https:\/\/clementicompany.com\/fr\/produits\/elite-classique\/","title":{"rendered":"Elite Classique"},"content":{"rendered":"<p>\u00c9quip\u00e9e d\u2019un syst\u00e8me de canalisation, l\u2019Elite Classica est capable de chauffer non seulement la pi\u00e8ce dans laquelle elle est install\u00e9e, mais aussi les espaces adjacents, ce qui la rend id\u00e9ale pour ceux qui recherchent un syst\u00e8me de chauffage polyvalent et performant. Gr\u00e2ce \u00e0 sa puissance de 13 kW, la surface moyenne chauffable atteint 100 m\u00e8tres carr\u00e9s, offrant confort et chaleur dans chaque recoin de votre maison. <\/p>\n<p>Le v\u00e9ritable point fort de ce po\u00eale est le four \u00e0 bois ventil\u00e9 int\u00e9gr\u00e9, capable d\u2019atteindre 400\u00b0C. Le four est \u00e9quip\u00e9 d\u2019une chambre de cuisson en acier inoxydable 304, de 3 niveaux de cuisson et d\u2019une base en pierre r\u00e9fractaire alimentaire, sur laquelle il est possible de cuire directement des pizzas ou d\u2019autres plats, garantissant une cuisson uniforme et parfaite. <\/p>\n<p>Un seul chargement de 15 kg de bois garantit une autonomie d\u2019environ 10 heures de chauffage, avec une consommation moyenne de 30 kg de bois pour une journ\u00e9e compl\u00e8te d\u2019utilisation. Avec Elite, vous pourrez chauffer votre maison de mani\u00e8re \u00e9conomique et respectueuse de l\u2019environnement. <\/p>\n","protected":false},"excerpt":{"rendered":"<p>Chauffage et cuisson durables : po\u00eale \u00e0 bois Elite. Ce mod\u00e8le allie design et fonctionnalit\u00e9, offrant un syst\u00e8me de chauffage bas\u00e9 sur des sources d\u2019\u00e9nergie renouvelables. Parfaite pour cuisiner de mani\u00e8re saine et authentique, cette po\u00eale repr\u00e9sente l\u2019\u00e9quilibre id\u00e9al entre efficacit\u00e9 \u00e9nerg\u00e9tique et tradition culinaire.  <\/p>\n","protected":false},"featured_media":9485,"template":"","meta":[],"product_brand":[],"product_cat":[348],"product_tag":[],"class_list":{"0":"post-9479","1":"product","2":"type-product","3":"status-publish","4":"has-post-thumbnail","6":"product_cat-poeles","8":"first","9":"instock","10":"taxable","11":"shipping-taxable","12":"purchasable","13":"product-type-variable","14":"has-default-attributes"},"_links":{"self":[{"href":"https:\/\/clementicompany.com\/fr\/wp-json\/wp\/v2\/product\/9479","targetHints":{"allow":["GET"]}}],"collection":[{"href":"https:\/\/clementicompany.com\/fr\/wp-json\/wp\/v2\/product"}],"about":[{"href":"https:\/\/clementicompany.com\/fr\/wp-json\/wp\/v2\/types\/product"}],"wp:featuredmedia":[{"embeddable":true,"href":"https:\/\/clementicompany.com\/fr\/wp-json\/wp\/v2\/media\/9485"}],"wp:attachment":[{"href":"https:\/\/clementicompany.com\/fr\/wp-json\/wp\/v2\/media?parent=9479"}],"wp:term":[{"taxonomy":"product_brand","embeddable":true,"href":"https:\/\/clementicompany.com\/fr\/wp-json\/wp\/v2\/product_brand?post=9479"},{"taxonomy":"product_cat","embeddable":true,"href":"https:\/\/clementicompany.com\/fr\/wp-json\/wp\/v2\/product_cat?post=9479"},{"taxonomy":"product_tag","embeddable":true,"href":"https:\/\/clementicompany.com\/fr\/wp-json\/wp\/v2\/product_tag?post=9479"}],"curies":[{"name":"wp","href":"https:\/\/api.w.org\/{rel}","templated":true}]}}