{"id":9466,"date":"2024-09-12T20:15:32","date_gmt":"2024-09-12T18:15:32","guid":{"rendered":"https:\/\/clementicompany.com\/prodotto\/smart-encastrable\/"},"modified":"2024-09-12T20:15:32","modified_gmt":"2024-09-12T18:15:32","slug":"smart-encastrable","status":"publish","type":"product","link":"https:\/\/clementicompany.com\/fr\/produits\/smart-encastrable\/","title":{"rendered":"Smart encastrable"},"content":{"rendered":"<p>Que vous souhaitiez l\u2019installer \u00e0 l\u2019int\u00e9rieur de la maison, dans une maison de campagne, une v\u00e9randa ou un jardin, ce four s\u2019int\u00e8gre parfaitement et garantit des performances \u00e9lev\u00e9es, m\u00eame dans les espaces r\u00e9duits.<\/p>\n<p>Con\u00e7u pour s\u2019int\u00e9grer harmonieusement dans tout type d\u2019environnement, l\u2019un des grands atouts du four \u00e0 bois Smart encastrable est son syst\u00e8me de Ventilation Smart, associ\u00e9 \u00e0 des temps de chauffe r\u00e9duits (30 \u00e0 40 minutes) et \u00e0 une faible consommation de bois (seulement 4 \u00e0 8 kg).<\/p>\n<p>Il peut \u00eatre achet\u00e9 avec un chariot de support pratique ou un chevalet en option, afin de vous offrir une flexibilit\u00e9 maximale d\u2019utilisation et de positionnement, en s\u2019adaptant parfaitement \u00e0 vos besoins.<\/p>\n<p>Apportez chez vous la tradition italienne de la cuisson au feu de bois et profitez d\u2019une cuisine savoureuse et authentique, \u00e0 partager avec vos amis et votre famille.<\/p>\n","protected":false},"excerpt":{"rendered":"<p>Le four \u00e0 bois encastrable Smart associe tradition et praticit\u00e9.<br \/>Parfait pour cuisiner toutes sortes de pr\u00e9parations, il permet de r\u00e9aliser pizzas et recettes vari\u00e9es avec le go\u00fbt inimitable de la cuisson au feu de bois.<br \/>Compact et fonctionnel, il s\u2019adapte aussi bien aux espaces int\u00e9rieurs qu\u2019ext\u00e9rieurs.  <\/p>\n","protected":false},"featured_media":9467,"template":"","meta":[],"product_brand":[],"product_cat":[345,346],"product_tag":[],"class_list":{"0":"post-9466","1":"product","2":"type-product","3":"status-publish","4":"has-post-thumbnail","6":"product_cat-fours","7":"product_cat-fours-a-bois","9":"first","10":"instock","11":"purchasable","12":"product-type-variable","13":"has-default-attributes"},"_links":{"self":[{"href":"https:\/\/clementicompany.com\/fr\/wp-json\/wp\/v2\/product\/9466","targetHints":{"allow":["GET"]}}],"collection":[{"href":"https:\/\/clementicompany.com\/fr\/wp-json\/wp\/v2\/product"}],"about":[{"href":"https:\/\/clementicompany.com\/fr\/wp-json\/wp\/v2\/types\/product"}],"wp:featuredmedia":[{"embeddable":true,"href":"https:\/\/clementicompany.com\/fr\/wp-json\/wp\/v2\/media\/9467"}],"wp:attachment":[{"href":"https:\/\/clementicompany.com\/fr\/wp-json\/wp\/v2\/media?parent=9466"}],"wp:term":[{"taxonomy":"product_brand","embeddable":true,"href":"https:\/\/clementicompany.com\/fr\/wp-json\/wp\/v2\/product_brand?post=9466"},{"taxonomy":"product_cat","embeddable":true,"href":"https:\/\/clementicompany.com\/fr\/wp-json\/wp\/v2\/product_cat?post=9466"},{"taxonomy":"product_tag","embeddable":true,"href":"https:\/\/clementicompany.com\/fr\/wp-json\/wp\/v2\/product_tag?post=9466"}],"curies":[{"name":"wp","href":"https:\/\/api.w.org\/{rel}","templated":true}]}}