{"id":9438,"date":"2024-09-12T20:15:32","date_gmt":"2024-09-12T18:15:32","guid":{"rendered":"https:\/\/clementicompany.com\/prodotto\/master-encastrable\/"},"modified":"2024-09-12T20:15:32","modified_gmt":"2024-09-12T18:15:32","slug":"master-encastrable","status":"publish","type":"product","link":"https:\/\/clementicompany.com\/fr\/produits\/master-encastrable\/","title":{"rendered":"Master encastrable"},"content":{"rendered":"<p>Le four \u00e0 bois Master encastrable apporte la tradition authentique de la cuisson au feu de bois \u00e0 l\u2019int\u00e9rieur de la maison ou dans des espaces ext\u00e9rieurs couverts comme les v\u00e9randas et les rustiques.<br \/>Il peut \u00eatre install\u00e9 aussi bien en int\u00e9rieur qu\u2019en ext\u00e9rieur, offrant une alternative plus pratique, plus rapide et plus propre aux fours en ma\u00e7onnerie classiques, sans renoncer au go\u00fbt incomparable du bois. <\/p>\n<p>Gr\u00e2ce \u00e0 ses 3 niveaux de cuisson et au syst\u00e8me Ventilation Plus, les possibilit\u00e9s sont infinies :<br \/>des pizzas cuites directement sur la pierre r\u00e9fractaire aux pr\u00e9parations les plus \u00e9labor\u00e9es, chaque plat est cuit de mani\u00e8re homog\u00e8ne et impeccable. <\/p>\n<p>Ce four peut \u00e9galement \u00eatre achet\u00e9 avec un chariot de support ou un chevalet (en option), offrant une flexibilit\u00e9 maximale en termes d\u2019installation et de positionnement.<\/p>\n","protected":false},"excerpt":{"rendered":"<p>Le four \u00e0 bois Master encastrable est la solution id\u00e9ale pour ceux qui aiment cuisiner \u00e0 la maison ou souhaitent profiter pleinement de leur maison de campagne, v\u00e9randa ou jardin, de mani\u00e8re plus simple, plus rapide, plus propre et plus \u00e9conomique qu\u2019un four \u00e0 bois traditionnel en ma\u00e7onnerie.<\/p>\n","protected":false},"featured_media":9449,"template":"","meta":[],"product_brand":[],"product_cat":[345,346],"product_tag":[],"class_list":{"0":"post-9438","1":"product","2":"type-product","3":"status-publish","4":"has-post-thumbnail","6":"product_cat-fours","7":"product_cat-fours-a-bois","9":"first","10":"instock","11":"purchasable","12":"product-type-variable","13":"has-default-attributes"},"_links":{"self":[{"href":"https:\/\/clementicompany.com\/fr\/wp-json\/wp\/v2\/product\/9438","targetHints":{"allow":["GET"]}}],"collection":[{"href":"https:\/\/clementicompany.com\/fr\/wp-json\/wp\/v2\/product"}],"about":[{"href":"https:\/\/clementicompany.com\/fr\/wp-json\/wp\/v2\/types\/product"}],"wp:featuredmedia":[{"embeddable":true,"href":"https:\/\/clementicompany.com\/fr\/wp-json\/wp\/v2\/media\/9449"}],"wp:attachment":[{"href":"https:\/\/clementicompany.com\/fr\/wp-json\/wp\/v2\/media?parent=9438"}],"wp:term":[{"taxonomy":"product_brand","embeddable":true,"href":"https:\/\/clementicompany.com\/fr\/wp-json\/wp\/v2\/product_brand?post=9438"},{"taxonomy":"product_cat","embeddable":true,"href":"https:\/\/clementicompany.com\/fr\/wp-json\/wp\/v2\/product_cat?post=9438"},{"taxonomy":"product_tag","embeddable":true,"href":"https:\/\/clementicompany.com\/fr\/wp-json\/wp\/v2\/product_tag?post=9438"}],"curies":[{"name":"wp","href":"https:\/\/api.w.org\/{rel}","templated":true}]}}