{"id":9382,"date":"2024-09-18T15:28:07","date_gmt":"2024-09-18T13:28:07","guid":{"rendered":"https:\/\/clementicompany.com\/prodotto\/elite-idro-avec-four\/"},"modified":"2024-09-18T15:28:07","modified_gmt":"2024-09-18T13:28:07","slug":"elite-idro-avec-four","status":"publish","type":"product","link":"https:\/\/clementicompany.com\/fr\/produits\/elite-idro-avec-four\/","title":{"rendered":"Elite idro avec four"},"content":{"rendered":"<p>Elite Idro avec four est un po\u00eale complet aussi bien du point de vue de l\u2019installation hydraulique (enti\u00e8rement int\u00e9gr\u00e9e \u00e0 la machine) que des fonctionnalit\u00e9s.<\/p>\n<p>Gr\u00e2ce \u00e0 ses 20 kW de puissance, elle est capable de chauffer une surface moyenne de 150 m\u00e8tres carr\u00e9s, en diffusant la chaleur \u00e0 travers le syst\u00e8me de radiateurs. De plus, elle offre la possibilit\u00e9 d\u2019int\u00e9grer un kit pour la production instantan\u00e9e d\u2019eau chaude sanitaire, vous permettant de g\u00e9rer l\u2019ensemble du syst\u00e8me de chauffage et d\u2019eau chaude avec un seul appareil. <\/p>\n<p>L\u2019une des caract\u00e9ristiques les plus appr\u00e9ci\u00e9es de l\u2019Elite Idro est le four \u00e0 bois int\u00e9gr\u00e9, qui atteint 300\u00b0C. Le four dispose d\u2019une chambre de cuisson en acier inoxydable 304, de deux niveaux de cuisson et d\u2019une base en mat\u00e9riau r\u00e9fractaire alimentaire, parfaite pour cuire directement des plats comme la pizza. Il est \u00e9galement \u00e9quip\u00e9 d\u2019un \u00e9clairage int\u00e9rieur, rendant la pr\u00e9paration de vos plats pr\u00e9f\u00e9r\u00e9s simple et s\u00fbre.  <\/p>\n<p>Pour garantir une s\u00e9curit\u00e9 et une fiabilit\u00e9 maximales, le po\u00eale est \u00e9quip\u00e9 d\u2019un s\u00e9parateur hydraulique qui divise le circuit ouvert du po\u00eale de celui, ferm\u00e9, de l\u2019installation de chauffage, conform\u00e9ment \u00e0 la norme UNI 10412-2 de 2009. Ce syst\u00e8me avanc\u00e9 vous assure un fonctionnement irr\u00e9prochable et s\u00fbr \u00e0 tout moment. <\/p>\n","protected":false},"excerpt":{"rendered":"<p>Le po\u00eale Elite Idro repr\u00e9sente l\u2019\u00e9quilibre parfait de la philosophie de production Clementi : chauffer avec des sources d\u2019\u00e9nergie renouvelables et cuisiner de mani\u00e8re saine et authentique.<\/p>\n","protected":false},"featured_media":9384,"template":"","meta":[],"product_brand":[],"product_cat":[348],"product_tag":[],"class_list":{"0":"post-9382","1":"product","2":"type-product","3":"status-publish","4":"has-post-thumbnail","6":"product_cat-poeles","8":"first","9":"instock","10":"taxable","11":"shipping-taxable","12":"purchasable","13":"product-type-variable","14":"has-default-attributes"},"_links":{"self":[{"href":"https:\/\/clementicompany.com\/fr\/wp-json\/wp\/v2\/product\/9382","targetHints":{"allow":["GET"]}}],"collection":[{"href":"https:\/\/clementicompany.com\/fr\/wp-json\/wp\/v2\/product"}],"about":[{"href":"https:\/\/clementicompany.com\/fr\/wp-json\/wp\/v2\/types\/product"}],"wp:featuredmedia":[{"embeddable":true,"href":"https:\/\/clementicompany.com\/fr\/wp-json\/wp\/v2\/media\/9384"}],"wp:attachment":[{"href":"https:\/\/clementicompany.com\/fr\/wp-json\/wp\/v2\/media?parent=9382"}],"wp:term":[{"taxonomy":"product_brand","embeddable":true,"href":"https:\/\/clementicompany.com\/fr\/wp-json\/wp\/v2\/product_brand?post=9382"},{"taxonomy":"product_cat","embeddable":true,"href":"https:\/\/clementicompany.com\/fr\/wp-json\/wp\/v2\/product_cat?post=9382"},{"taxonomy":"product_tag","embeddable":true,"href":"https:\/\/clementicompany.com\/fr\/wp-json\/wp\/v2\/product_tag?post=9382"}],"curies":[{"name":"wp","href":"https:\/\/api.w.org\/{rel}","templated":true}]}}