{"id":9355,"date":"2024-09-12T20:15:32","date_gmt":"2024-09-12T18:15:32","guid":{"rendered":"https:\/\/clementicompany.com\/prodotto\/remida\/"},"modified":"2024-09-12T20:15:32","modified_gmt":"2024-09-12T18:15:32","slug":"remida","status":"publish","type":"product","link":"https:\/\/clementicompany.com\/fr\/produits\/remida\/","title":{"rendered":"Remida"},"content":{"rendered":"<p>Bienvenue dans votre coin de paradis.<\/p>\n<p>Le four Remida se distingue par son design minimaliste et sophistiqu\u00e9, parfaitement en harmonie avec les espaces ext\u00e9rieurs contemporains.<br \/>Ses lignes \u00e9pur\u00e9es et essentielles subliment l\u2019esth\u00e9tique et transforment le four en un v\u00e9ritable \u00e9l\u00e9ment de mobilier, capable de valoriser le style de votre cuisine d\u2019ext\u00e9rieur. <\/p>\n<p>Derri\u00e8re son apparence \u00e9l\u00e9gante, le Remida \u00e0 gaz cache une \u00e2me puissante.<br \/>Son br\u00fbleur de 7 kW permet d\u2019atteindre 400 \u00b0C en environ 20 \u00e0 25 minutes, garantissant une cuisson de niveau professionnel. Vous pouvez ainsi pr\u00e9parer une pizza en seulement 90 secondes, avec des r\u00e9sultats dignes des meilleures pizzerias.  <\/p>\n<p>Dimensions disponibles:<\/p>\n<ul>\n<li>1 pizza | jusqu\u2019\u00e0 500 g de pain par fourn\u00e9e<\/li>\n<\/ul>\n","protected":false},"excerpt":{"rendered":"<p>Offrez-vous le luxe du bien-\u00eatre avec le four \u00e0 pizza Remida \u00e0 gaz.<br \/>Un design \u00e9l\u00e9gant associ\u00e9 \u00e0 des performances exceptionnelles pour cuisiner pizzas, pains et bien plus encore. <\/p>\n","protected":false},"featured_media":9356,"template":"","meta":[],"product_brand":[],"product_cat":[345,347],"product_tag":[],"class_list":{"0":"post-9355","1":"product","2":"type-product","3":"status-publish","4":"has-post-thumbnail","6":"product_cat-fours","7":"product_cat-fours-a-pizza","9":"first","10":"instock","11":"purchasable","12":"product-type-variable","13":"has-default-attributes"},"_links":{"self":[{"href":"https:\/\/clementicompany.com\/fr\/wp-json\/wp\/v2\/product\/9355","targetHints":{"allow":["GET"]}}],"collection":[{"href":"https:\/\/clementicompany.com\/fr\/wp-json\/wp\/v2\/product"}],"about":[{"href":"https:\/\/clementicompany.com\/fr\/wp-json\/wp\/v2\/types\/product"}],"wp:featuredmedia":[{"embeddable":true,"href":"https:\/\/clementicompany.com\/fr\/wp-json\/wp\/v2\/media\/9356"}],"wp:attachment":[{"href":"https:\/\/clementicompany.com\/fr\/wp-json\/wp\/v2\/media?parent=9355"}],"wp:term":[{"taxonomy":"product_brand","embeddable":true,"href":"https:\/\/clementicompany.com\/fr\/wp-json\/wp\/v2\/product_brand?post=9355"},{"taxonomy":"product_cat","embeddable":true,"href":"https:\/\/clementicompany.com\/fr\/wp-json\/wp\/v2\/product_cat?post=9355"},{"taxonomy":"product_tag","embeddable":true,"href":"https:\/\/clementicompany.com\/fr\/wp-json\/wp\/v2\/product_tag?post=9355"}],"curies":[{"name":"wp","href":"https:\/\/api.w.org\/{rel}","templated":true}]}}