{"id":9343,"date":"2026-02-11T17:19:47","date_gmt":"2026-02-11T16:19:47","guid":{"rendered":"https:\/\/clementicompany.com\/prodotto\/structura\/"},"modified":"2026-02-11T17:19:47","modified_gmt":"2026-02-11T16:19:47","slug":"structura","status":"publish","type":"product","link":"https:\/\/clementicompany.com\/fr\/produits\/structura\/","title":{"rendered":"Structura"},"content":{"rendered":"<p>Essentielle, robuste et contemporaine, STRUCTURA interpr\u00e8te la cuisine outdoor haut de gamme \u00e0 travers un \u00e9quilibre parfait entre design minimal et ing\u00e9nierie fonctionnelle. Con\u00e7ue pour r\u00e9sister : aux intemp\u00e9ries, aux variations thermiques importantes, aux environnements marins ou climats exigeants. STRUCTURA ne craint ni le temps ni les conditions extr\u00eames. Chaque d\u00e9tail est \u00e9tudi\u00e9 pour allier rigueur esth\u00e9tique et praticit\u00e9 d\u2019utilisation, cr\u00e9ant un espace de travail ext\u00e9rieur fonctionnel, \u00e9l\u00e9gant et durable.  <\/p>\n<p>Avec STRUCTURA, la cuisine ext\u00e9rieure moderne devient une exp\u00e9rience de pr\u00e9cision, de libert\u00e9 et de r\u00e9sistance, capable de surprendre chaque jour, en toute saison.<\/p>\n","protected":false},"excerpt":{"rendered":"<p>Une cuisine ext\u00e9rieure en aluminium au design minimaliste et \u00e0 la structure ultra solide, con\u00e7ue pour r\u00e9sister aux intemp\u00e9ries et aux temp\u00e9ratures extr\u00eames. Elle associe pr\u00e9cision technique, fonctionnalit\u00e9 avanc\u00e9e et \u00e9l\u00e9gance contemporaine, dans le pur style Clementi. <\/p>\n","protected":false},"featured_media":9344,"template":"","meta":[],"product_brand":[],"product_cat":[344],"product_tag":[],"class_list":{"0":"post-9343","1":"product","2":"type-product","3":"status-publish","4":"has-post-thumbnail","6":"product_cat-cuisines-exterieures","8":"first","9":"instock","10":"taxable","11":"shipping-taxable","12":"purchasable","13":"product-type-variable","14":"has-default-attributes"},"_links":{"self":[{"href":"https:\/\/clementicompany.com\/fr\/wp-json\/wp\/v2\/product\/9343","targetHints":{"allow":["GET"]}}],"collection":[{"href":"https:\/\/clementicompany.com\/fr\/wp-json\/wp\/v2\/product"}],"about":[{"href":"https:\/\/clementicompany.com\/fr\/wp-json\/wp\/v2\/types\/product"}],"wp:featuredmedia":[{"embeddable":true,"href":"https:\/\/clementicompany.com\/fr\/wp-json\/wp\/v2\/media\/9344"}],"wp:attachment":[{"href":"https:\/\/clementicompany.com\/fr\/wp-json\/wp\/v2\/media?parent=9343"}],"wp:term":[{"taxonomy":"product_brand","embeddable":true,"href":"https:\/\/clementicompany.com\/fr\/wp-json\/wp\/v2\/product_brand?post=9343"},{"taxonomy":"product_cat","embeddable":true,"href":"https:\/\/clementicompany.com\/fr\/wp-json\/wp\/v2\/product_cat?post=9343"},{"taxonomy":"product_tag","embeddable":true,"href":"https:\/\/clementicompany.com\/fr\/wp-json\/wp\/v2\/product_tag?post=9343"}],"curies":[{"name":"wp","href":"https:\/\/api.w.org\/{rel}","templated":true}]}}