{"id":9320,"date":"2024-09-12T20:15:32","date_gmt":"2024-09-12T18:15:32","guid":{"rendered":"https:\/\/clementicompany.com\/prodotto\/clementino-a-bois\/"},"modified":"2024-09-12T20:15:32","modified_gmt":"2024-09-12T18:15:32","slug":"clementino-a-bois","status":"publish","type":"product","link":"https:\/\/clementicompany.com\/fr\/produits\/clementino-a-bois\/","title":{"rendered":"Clementino \u00e0 bois"},"content":{"rendered":"<p>Que vous soyez pizzaiolo confirm\u00e9 ou d\u00e9butant, le Clementino au feu de bois est simple \u00e0 utiliser et garantit des r\u00e9sultats impeccables \u00e0 chaque cuisson.<br \/>C\u2019est le compagnon id\u00e9al pour les passionn\u00e9s de pizza maison, m\u00eame lorsque l\u2019espace est limit\u00e9. <\/p>\n<p>Le four atteint 400 \u00b0C en seulement 15 \u00e0 20 minutes, monte rapidement jusqu\u2019\u00e0 500 \u00b0C et permet de cuire une pizza en \u00e0 peine 90 secondes.<br \/>Parfait non seulement pour la pizza, mais aussi pour le pain, les r\u00f4tis, les l\u00e9gumes et bien d\u2019autres recettes.<br \/>Fabriqu\u00e9 avec des mat\u00e9riaux r\u00e9sistants \u00e0 toutes les conditions climatiques, le Clementino peut \u00eatre facilement pos\u00e9 sur toute surface adapt\u00e9e, en ext\u00e9rieur.  <\/p>\n<p>Dimensions disponibles:<\/p>\n<ul>\n<li>1 pizza | jusqu\u2019\u00e0 500 g de pain par fourn\u00e9e<\/li>\n<\/ul>\n","protected":false},"excerpt":{"rendered":"<p>Un four \u00e0 pizza au feu de bois compact \u00e0 l\u2019ext\u00e9rieur et spacieux \u00e0 l\u2019int\u00e9rieur.<br \/>Toute l\u2019expertise d\u2019un grand four \u00e0 bois Clementi, concentr\u00e9e dans quelques centim\u00e8tres seulement.<br \/>Le choix id\u00e9al aussi bien pour les d\u00e9butants que pour les professionnels.  <\/p>\n","protected":false},"featured_media":9321,"template":"","meta":[],"product_brand":[],"product_cat":[345,347],"product_tag":[],"class_list":{"0":"post-9320","1":"product","2":"type-product","3":"status-publish","4":"has-post-thumbnail","6":"product_cat-fours","7":"product_cat-fours-a-pizza","9":"first","10":"instock","11":"purchasable","12":"product-type-variable","13":"has-default-attributes"},"_links":{"self":[{"href":"https:\/\/clementicompany.com\/fr\/wp-json\/wp\/v2\/product\/9320","targetHints":{"allow":["GET"]}}],"collection":[{"href":"https:\/\/clementicompany.com\/fr\/wp-json\/wp\/v2\/product"}],"about":[{"href":"https:\/\/clementicompany.com\/fr\/wp-json\/wp\/v2\/types\/product"}],"wp:featuredmedia":[{"embeddable":true,"href":"https:\/\/clementicompany.com\/fr\/wp-json\/wp\/v2\/media\/9321"}],"wp:attachment":[{"href":"https:\/\/clementicompany.com\/fr\/wp-json\/wp\/v2\/media?parent=9320"}],"wp:term":[{"taxonomy":"product_brand","embeddable":true,"href":"https:\/\/clementicompany.com\/fr\/wp-json\/wp\/v2\/product_brand?post=9320"},{"taxonomy":"product_cat","embeddable":true,"href":"https:\/\/clementicompany.com\/fr\/wp-json\/wp\/v2\/product_cat?post=9320"},{"taxonomy":"product_tag","embeddable":true,"href":"https:\/\/clementicompany.com\/fr\/wp-json\/wp\/v2\/product_tag?post=9320"}],"curies":[{"name":"wp","href":"https:\/\/api.w.org\/{rel}","templated":true}]}}