{"id":9286,"date":"2026-02-11T09:21:02","date_gmt":"2026-02-11T08:21:02","guid":{"rendered":"https:\/\/clementicompany.com\/prodotto\/materika\/"},"modified":"2026-02-11T09:21:02","modified_gmt":"2026-02-11T08:21:02","slug":"materika","status":"publish","type":"product","link":"https:\/\/clementicompany.com\/fr\/produits\/materika\/","title":{"rendered":"Materika"},"content":{"rendered":"<p>Lignes \u00e9pur\u00e9es, \u00e9quilibre des volumes et mat\u00e9rialit\u00e9 contemporaine : MATERIKA interpr\u00e8te l\u2019espace outdoor avec une esth\u00e9tique essentielle et raffin\u00e9e, capable de fusionner design et fonctionnalit\u00e9 dans une vision harmonieuse unique.<\/p>\n<p>R\u00e9alis\u00e9e en HPL, un mat\u00e9riau aux performances exceptionnelles, MATERIKA est con\u00e7ue pour d\u00e9fier le temps et les intemp\u00e9ries, en conservant sa beaut\u00e9 saison apr\u00e8s saison. Sa surface compacte et r\u00e9sistante capte la lumi\u00e8re et la refl\u00e8te avec une \u00e9l\u00e9gance sobre, cr\u00e9ant des espaces en dialogue avec la nature et ceux qui les vivent. <\/p>\n<p>Avec MATERIKA, l\u2019art de cuisiner en plein air devient une exp\u00e9rience de style, de solidit\u00e9 et de libert\u00e9, o\u00f9 chaque d\u00e9tail raconte le soin et la passion sign\u00e9s Clementi.<\/p>\n","protected":false},"excerpt":{"rendered":"<p>Cuisine ext\u00e9rieure en HPL haut de gamme. Design contemporain, r\u00e9sistance aux intemp\u00e9ries, modularit\u00e9 sur mesure. Int\u00e9grez four \u00e0 pizza et barbecue pour une v\u00e9ritable cuisine d\u2019\u00e9t\u00e9 premium.<\/p>\n","protected":false},"featured_media":9287,"template":"","meta":[],"product_brand":[],"product_cat":[344],"product_tag":[],"class_list":{"0":"post-9286","1":"product","2":"type-product","3":"status-publish","4":"has-post-thumbnail","6":"product_cat-cuisines-exterieures","8":"first","9":"instock","10":"taxable","11":"shipping-taxable","12":"purchasable","13":"product-type-variable","14":"has-default-attributes"},"_links":{"self":[{"href":"https:\/\/clementicompany.com\/fr\/wp-json\/wp\/v2\/product\/9286","targetHints":{"allow":["GET"]}}],"collection":[{"href":"https:\/\/clementicompany.com\/fr\/wp-json\/wp\/v2\/product"}],"about":[{"href":"https:\/\/clementicompany.com\/fr\/wp-json\/wp\/v2\/types\/product"}],"wp:featuredmedia":[{"embeddable":true,"href":"https:\/\/clementicompany.com\/fr\/wp-json\/wp\/v2\/media\/9287"}],"wp:attachment":[{"href":"https:\/\/clementicompany.com\/fr\/wp-json\/wp\/v2\/media?parent=9286"}],"wp:term":[{"taxonomy":"product_brand","embeddable":true,"href":"https:\/\/clementicompany.com\/fr\/wp-json\/wp\/v2\/product_brand?post=9286"},{"taxonomy":"product_cat","embeddable":true,"href":"https:\/\/clementicompany.com\/fr\/wp-json\/wp\/v2\/product_cat?post=9286"},{"taxonomy":"product_tag","embeddable":true,"href":"https:\/\/clementicompany.com\/fr\/wp-json\/wp\/v2\/product_tag?post=9286"}],"curies":[{"name":"wp","href":"https:\/\/api.w.org\/{rel}","templated":true}]}}