{"id":9279,"date":"2025-12-03T09:27:50","date_gmt":"2025-12-03T08:27:50","guid":{"rendered":"https:\/\/clementicompany.com\/prodotto\/aria\/"},"modified":"2025-12-03T09:27:50","modified_gmt":"2025-12-03T08:27:50","slug":"aria","status":"publish","type":"product","link":"https:\/\/clementicompany.com\/fr\/produits\/aria\/","title":{"rendered":"Aria"},"content":{"rendered":"<p>\u00c9quip\u00e9 de 4 br\u00fbleurs en acier inoxydable de 3,3 kW, Aria garantit une r\u00e9partition homog\u00e8ne de la chaleur sur toute la surface de cuisson.<\/p>\n<p>Le couvercle isol\u00e9 avec vitre de contr\u00f4le et le thermom\u00e8tre int\u00e9gr\u00e9 permettent de surveiller la cuisson sans ouvrir le couvercle, tandis que les grilles en fonte \u00e9maill\u00e9e emmagasinent la chaleur pour une saisie parfaite, offrant des performances dignes des professionnels et une grande durabilit\u00e9.<\/p>\n<p>L\u2019ensemble est compl\u00e9t\u00e9 par un large chariot porte-bouteille de gaz, un allumage pi\u00e9zo\u00e9lectrique rapide, 4 roulettes directionnelles pour une mobilit\u00e9 maximale et une esth\u00e9tique moderne en noir mat et acier inoxydable. Le choix id\u00e9al pour ceux qui recherchent un barbecue compact, \u00e9l\u00e9gant et hautement fonctionnel. <\/p>\n","protected":false},"excerpt":{"rendered":"<p>Le barbecue \u00e0 gaz Aria associe puissance, design et praticit\u00e9 dans une solution unique, pens\u00e9e pour toutes les fa\u00e7ons de cuisiner.<\/p>\n","protected":false},"featured_media":9281,"template":"","meta":[],"product_brand":[],"product_cat":[343],"product_tag":[],"class_list":{"0":"post-9279","1":"product","2":"type-product","3":"status-publish","4":"has-post-thumbnail","6":"product_cat-barbecue","8":"first","9":"instock","10":"taxable","11":"shipping-taxable","12":"purchasable","13":"product-type-variable"},"_links":{"self":[{"href":"https:\/\/clementicompany.com\/fr\/wp-json\/wp\/v2\/product\/9279","targetHints":{"allow":["GET"]}}],"collection":[{"href":"https:\/\/clementicompany.com\/fr\/wp-json\/wp\/v2\/product"}],"about":[{"href":"https:\/\/clementicompany.com\/fr\/wp-json\/wp\/v2\/types\/product"}],"wp:featuredmedia":[{"embeddable":true,"href":"https:\/\/clementicompany.com\/fr\/wp-json\/wp\/v2\/media\/9281"}],"wp:attachment":[{"href":"https:\/\/clementicompany.com\/fr\/wp-json\/wp\/v2\/media?parent=9279"}],"wp:term":[{"taxonomy":"product_brand","embeddable":true,"href":"https:\/\/clementicompany.com\/fr\/wp-json\/wp\/v2\/product_brand?post=9279"},{"taxonomy":"product_cat","embeddable":true,"href":"https:\/\/clementicompany.com\/fr\/wp-json\/wp\/v2\/product_cat?post=9279"},{"taxonomy":"product_tag","embeddable":true,"href":"https:\/\/clementicompany.com\/fr\/wp-json\/wp\/v2\/product_tag?post=9279"}],"curies":[{"name":"wp","href":"https:\/\/api.w.org\/{rel}","templated":true}]}}