{"id":9273,"date":"2025-12-02T16:30:32","date_gmt":"2025-12-02T15:30:32","guid":{"rendered":"https:\/\/clementicompany.com\/prodotto\/terra\/"},"modified":"2025-12-02T16:30:32","modified_gmt":"2025-12-02T15:30:32","slug":"terra","status":"publish","type":"product","link":"https:\/\/clementicompany.com\/fr\/produits\/terra\/","title":{"rendered":"Terra"},"content":{"rendered":"<p>Surprenez vos invit\u00e9s et d\u00e9veloppez toutes vos comp\u00e9tences de cuisson gr\u00e2ce au puissant barbecue \u00e0 gaz Terra \u00e0 5 br\u00fbleurs.<\/p>\n<p>Ses grilles en fonte \u00e9maill\u00e9e emmagasinent parfaitement la chaleur, garantissant une saisie intense et homog\u00e8ne. Vous pouvez ainsi g\u00e9rer plusieurs pr\u00e9parations en m\u00eame temps et exp\u00e9rimenter diff\u00e9rentes techniques : cuisson directe, cuisson indirecte ou fumage. <\/p>\n<p>Le couvercle isol\u00e9 avec vitre de contr\u00f4le et le thermom\u00e8tre int\u00e9gr\u00e9 permettent une surveillance constante de la temp\u00e9rature, pour cuisiner pratiquement tous les types d\u2019aliments. Sans oublier le br\u00fbleur lat\u00e9ral, id\u00e9al pour les cuissons lentes ou pour faire sauter les aliments \u00e0 la po\u00eale.<\/p>\n<p>Les boutons de r\u00e9glage \u00e0 rotation fluide offrent un contr\u00f4le pr\u00e9cis et intuitif de la temp\u00e9rature.<\/p>\n","protected":false},"excerpt":{"rendered":"<p><span data-sheets-root=\"1\">Terra est le barbecue \u00e0 gaz con\u00e7u pour ceux qui recherchent une efficacit\u00e9 maximale sans compromis.<\/span><\/p>\n","protected":false},"featured_media":9277,"template":"","meta":[],"product_brand":[],"product_cat":[343],"product_tag":[],"class_list":{"0":"post-9273","1":"product","2":"type-product","3":"status-publish","4":"has-post-thumbnail","6":"product_cat-barbecue","8":"first","9":"instock","10":"taxable","11":"shipping-taxable","12":"purchasable","13":"product-type-variable","14":"has-default-attributes"},"_links":{"self":[{"href":"https:\/\/clementicompany.com\/fr\/wp-json\/wp\/v2\/product\/9273","targetHints":{"allow":["GET"]}}],"collection":[{"href":"https:\/\/clementicompany.com\/fr\/wp-json\/wp\/v2\/product"}],"about":[{"href":"https:\/\/clementicompany.com\/fr\/wp-json\/wp\/v2\/types\/product"}],"wp:featuredmedia":[{"embeddable":true,"href":"https:\/\/clementicompany.com\/fr\/wp-json\/wp\/v2\/media\/9277"}],"wp:attachment":[{"href":"https:\/\/clementicompany.com\/fr\/wp-json\/wp\/v2\/media?parent=9273"}],"wp:term":[{"taxonomy":"product_brand","embeddable":true,"href":"https:\/\/clementicompany.com\/fr\/wp-json\/wp\/v2\/product_brand?post=9273"},{"taxonomy":"product_cat","embeddable":true,"href":"https:\/\/clementicompany.com\/fr\/wp-json\/wp\/v2\/product_cat?post=9273"},{"taxonomy":"product_tag","embeddable":true,"href":"https:\/\/clementicompany.com\/fr\/wp-json\/wp\/v2\/product_tag?post=9273"}],"curies":[{"name":"wp","href":"https:\/\/api.w.org\/{rel}","templated":true}]}}