{"id":9266,"date":"2025-12-02T11:58:45","date_gmt":"2025-12-02T10:58:45","guid":{"rendered":"https:\/\/clementicompany.com\/prodotto\/deo\/"},"modified":"2025-12-02T11:58:45","modified_gmt":"2025-12-02T10:58:45","slug":"deo","status":"publish","type":"product","link":"https:\/\/clementicompany.com\/fr\/produits\/deo\/","title":{"rendered":"Deo"},"content":{"rendered":"<p><span data-sheets-root=\"1\">Deo est bien plus qu\u2019un barbecue : c\u2019est une v\u00e9ritable exp\u00e9rience de la braise. \u00c9volution directe du c\u00e9l\u00e8bre BBQ Flipper, le mod\u00e8le Deo a \u00e9t\u00e9 con\u00e7u pour ceux qui recherchent: une surface de cuisson plus large, une gestion du feu plus pr\u00e9cise, une structure encore plus solide, adapt\u00e9e aussi bien \u00e0 un usage domestique qu\u2019\u00e0 un usage professionnel.  <\/span><\/p>\n<p><span data-sheets-root=\"1\">Il peut \u00eatre utilis\u00e9 selon deux configurations:<\/span><\/p>\n<ul>\n<li>\u00c0 poser, id\u00e9al si vous disposez d\u00e9j\u00e0 d\u2019un plan de travail outdoor ou d\u2019une cuisine en ma\u00e7onnerie<\/li>\n<li>Avec chariot sur mesure, \u00e9quip\u00e9 de roulettes pour un d\u00e9placement facile<\/li>\n<\/ul>\n<p>Le plan de cuisson en briques r\u00e9fractaires assure une r\u00e9partition homog\u00e8ne de la chaleur et des r\u00e9sultats parfaits, y compris pour la cuisson indirecte.<\/p>\n","protected":false},"excerpt":{"rendered":"<p>Robuste, professionnel, essentiel et puissant : BBQ Deo, le compagnon id\u00e9al de toutes vos grillades.<\/p>\n","protected":false},"featured_media":9267,"template":"","meta":[],"product_brand":[],"product_cat":[343],"product_tag":[],"class_list":{"0":"post-9266","1":"product","2":"type-product","3":"status-publish","4":"has-post-thumbnail","6":"product_cat-barbecue","8":"first","9":"instock","10":"taxable","11":"shipping-taxable","12":"purchasable","13":"product-type-variable"},"_links":{"self":[{"href":"https:\/\/clementicompany.com\/fr\/wp-json\/wp\/v2\/product\/9266","targetHints":{"allow":["GET"]}}],"collection":[{"href":"https:\/\/clementicompany.com\/fr\/wp-json\/wp\/v2\/product"}],"about":[{"href":"https:\/\/clementicompany.com\/fr\/wp-json\/wp\/v2\/types\/product"}],"wp:featuredmedia":[{"embeddable":true,"href":"https:\/\/clementicompany.com\/fr\/wp-json\/wp\/v2\/media\/9267"}],"wp:attachment":[{"href":"https:\/\/clementicompany.com\/fr\/wp-json\/wp\/v2\/media?parent=9266"}],"wp:term":[{"taxonomy":"product_brand","embeddable":true,"href":"https:\/\/clementicompany.com\/fr\/wp-json\/wp\/v2\/product_brand?post=9266"},{"taxonomy":"product_cat","embeddable":true,"href":"https:\/\/clementicompany.com\/fr\/wp-json\/wp\/v2\/product_cat?post=9266"},{"taxonomy":"product_tag","embeddable":true,"href":"https:\/\/clementicompany.com\/fr\/wp-json\/wp\/v2\/product_tag?post=9266"}],"curies":[{"name":"wp","href":"https:\/\/api.w.org\/{rel}","templated":true}]}}