{"id":9232,"date":"2024-09-12T20:15:32","date_gmt":"2024-09-12T18:15:32","guid":{"rendered":"https:\/\/clementicompany.com\/prodotto\/pulcinella-a-bois\/"},"modified":"2026-02-18T10:03:00","modified_gmt":"2026-02-18T09:03:00","slug":"pulcinella-a-bois","status":"publish","type":"product","link":"https:\/\/clementicompany.com\/fr\/produits\/pulcinella-a-bois\/","title":{"rendered":"Pulcinella \u00e0 bois"},"content":{"rendered":"<p>Le four \u00e0 bois Pulcinella est con\u00e7u pour vous offrir des performances exceptionnelles: il atteint rapidement 500\u00b0C, la temp\u00e9rature id\u00e9ale pour une pizza napolitaine parfaite, cuite en seulement 90 secondes.<br \/>\nGr\u00e2ce au <strong>syst\u00e8me brevet\u00e9 Air Plus<\/strong>, la flamme enveloppe enti\u00e8rement la chambre de cuisson, garantissant une diffusion homog\u00e8ne de la chaleur, comme dans un v\u00e9ritable four \u00e0 bois professionnel.<\/p>\n<p>Que vous pr\u00e9pariez une pizza pour vous ou pour une f\u00eate entre amis, vous pouvez cuire jusqu\u2019\u00e0 5 pizzas simultan\u00e9ment, sans jamais compromettre la qualit\u00e9.<\/p>\n<p>Disponible en trois dimensions, pour s\u2019adapter \u00e0 tous les espaces et \u00e0 toutes les envies:<\/p>\n<ul>\n<li>2 pizzas | 1 \u00e0 2 kg de pain par fourn\u00e9e<\/li>\n<li>4 pizzas | 2 \u00e0 3 kg de pain par fourn\u00e9e<\/li>\n<li>5 pizzas | 4 \u00e0 5 kg de pain par fourn\u00e9e<\/li>\n<\/ul>\n","protected":false},"excerpt":{"rendered":"<p>Obtenez des pizzas dignes d\u2019un restaurant avec le four <span class=\"Y2IQFc\" lang=\"fr\">\u00e0 pizza <\/span>Pulcinella \u00e0 bois. 450 \u00b0C et 90 secondes par pizza: gr\u00e2ce au brevet Air Plus, faire une pizza parfaite n\u2019a jamais \u00e9t\u00e9 aussi simple.<\/p>\n","protected":false},"featured_media":9245,"template":"","meta":[],"product_brand":[],"product_cat":[345,347],"product_tag":[],"class_list":{"0":"post-9232","1":"product","2":"type-product","3":"status-publish","4":"has-post-thumbnail","6":"product_cat-fours","7":"product_cat-fours-a-pizza","9":"first","10":"instock","11":"purchasable","12":"product-type-variable","13":"has-default-attributes"},"_links":{"self":[{"href":"https:\/\/clementicompany.com\/fr\/wp-json\/wp\/v2\/product\/9232","targetHints":{"allow":["GET"]}}],"collection":[{"href":"https:\/\/clementicompany.com\/fr\/wp-json\/wp\/v2\/product"}],"about":[{"href":"https:\/\/clementicompany.com\/fr\/wp-json\/wp\/v2\/types\/product"}],"wp:featuredmedia":[{"embeddable":true,"href":"https:\/\/clementicompany.com\/fr\/wp-json\/wp\/v2\/media\/9245"}],"wp:attachment":[{"href":"https:\/\/clementicompany.com\/fr\/wp-json\/wp\/v2\/media?parent=9232"}],"wp:term":[{"taxonomy":"product_brand","embeddable":true,"href":"https:\/\/clementicompany.com\/fr\/wp-json\/wp\/v2\/product_brand?post=9232"},{"taxonomy":"product_cat","embeddable":true,"href":"https:\/\/clementicompany.com\/fr\/wp-json\/wp\/v2\/product_cat?post=9232"},{"taxonomy":"product_tag","embeddable":true,"href":"https:\/\/clementicompany.com\/fr\/wp-json\/wp\/v2\/product_tag?post=9232"}],"curies":[{"name":"wp","href":"https:\/\/api.w.org\/{rel}","templated":true}]}}