{"id":9216,"date":"2025-07-14T10:55:52","date_gmt":"2025-07-14T08:55:52","guid":{"rendered":"https:\/\/clementicompany.com\/prodotto\/tokyo\/"},"modified":"2025-07-14T10:55:52","modified_gmt":"2025-07-14T08:55:52","slug":"tokyo","status":"publish","type":"product","link":"https:\/\/clementicompany.com\/fr\/produits\/tokyo\/","title":{"rendered":"Tokyo"},"content":{"rendered":"<p>Le <strong data-start=\"345\" data-end=\"372\">barbecue Tokyo Clementi<\/strong> est le choix id\u00e9al pour ceux qui vivent en ville sans vouloir renoncer au plaisir authentique des braises. Inspir\u00e9 du barbecue japonais traditionnel <strong data-start=\"517\" data-end=\"528\">Hibachi<\/strong>, Tokyo concentre toute la qualit\u00e9 Clementi dans un design ultra-compact, l\u00e9ger et surprenamment performant. <\/p>\n<p>Emmenez-le partout : balcon, terrasse, bord de mer, camping ou pique-nique entre amis.<\/p>\n<p data-start=\"828\" data-end=\"1262\">Sa structure en <strong data-start=\"920\" data-end=\"952\">acier peint par rev\u00eatement liquide<\/strong>, <strong data-start=\"957\" data-end=\"990\">ses poign\u00e9es en bois<\/strong> et sa <strong data-start=\"996\" data-end=\"1023\">grille en acier<\/strong> inoxydable r\u00e9sistent aux hautes temp\u00e9ratures et \u00e0 une utilisation intensive.\u00c0 l\u2019int\u00e9rieur, l\u2019isolation par panneaux <strong data-start=\"1128\" data-end=\"1150\">Scamotec sur les 4 c\u00f4t\u00e9s<\/strong> retient la chaleur et r\u00e9duit les temps de chauffe, pour commencer \u00e0 griller en quelques minutes seulement. <\/p>\n<p data-start=\"828\" data-end=\"1262\"><strong>Une fois allum\u00e9, vous pouvez cuisiner jusqu\u2019\u00e0 3 heures cons\u00e9cutives!<\/strong><\/p>\n","protected":false},"excerpt":{"rendered":"<p>Compact. Portable. Inspir\u00e9 du Japon. Cuisinez jusqu\u2019\u00e0 3 heures cons\u00e9cutives avec Tokyo.   <\/p>\n","protected":false},"featured_media":9224,"template":"","meta":[],"product_brand":[],"product_cat":[343],"product_tag":[],"class_list":{"0":"post-9216","1":"product","2":"type-product","3":"status-publish","4":"has-post-thumbnail","6":"product_cat-barbecue","8":"first","9":"instock","10":"taxable","11":"shipping-taxable","12":"purchasable","13":"product-type-variable","14":"has-default-attributes"},"_links":{"self":[{"href":"https:\/\/clementicompany.com\/fr\/wp-json\/wp\/v2\/product\/9216","targetHints":{"allow":["GET"]}}],"collection":[{"href":"https:\/\/clementicompany.com\/fr\/wp-json\/wp\/v2\/product"}],"about":[{"href":"https:\/\/clementicompany.com\/fr\/wp-json\/wp\/v2\/types\/product"}],"wp:featuredmedia":[{"embeddable":true,"href":"https:\/\/clementicompany.com\/fr\/wp-json\/wp\/v2\/media\/9224"}],"wp:attachment":[{"href":"https:\/\/clementicompany.com\/fr\/wp-json\/wp\/v2\/media?parent=9216"}],"wp:term":[{"taxonomy":"product_brand","embeddable":true,"href":"https:\/\/clementicompany.com\/fr\/wp-json\/wp\/v2\/product_brand?post=9216"},{"taxonomy":"product_cat","embeddable":true,"href":"https:\/\/clementicompany.com\/fr\/wp-json\/wp\/v2\/product_cat?post=9216"},{"taxonomy":"product_tag","embeddable":true,"href":"https:\/\/clementicompany.com\/fr\/wp-json\/wp\/v2\/product_tag?post=9216"}],"curies":[{"name":"wp","href":"https:\/\/api.w.org\/{rel}","templated":true}]}}