{"id":9186,"date":"2024-09-12T20:15:32","date_gmt":"2024-09-12T18:15:32","guid":{"rendered":"https:\/\/clementicompany.com\/prodotto\/pulcinella-a-gaz\/"},"modified":"2024-09-12T20:15:32","modified_gmt":"2024-09-12T18:15:32","slug":"pulcinella-a-gaz","status":"publish","type":"product","link":"https:\/\/clementicompany.com\/fr\/produits\/pulcinella-a-gaz\/","title":{"rendered":"Pulcinella \u00e0 gaz"},"content":{"rendered":"<p>Gr\u00e2ce \u00e0 son br\u00fbleur de 12 kW, le Pulcinella \u00e0 gaz atteint <strong><strong>400 \u00b0C en 20 \u00e0 25 minutes<\/strong><\/strong>, monte rapidement jusqu\u2019\u00e0 500 \u00b0C et permet de cuire une v\u00e9ritable pizza napolitaine en seulement 90 secondes.<br \/>\nLe four peut cuire jusqu\u2019\u00e0 5 pizzas simultan\u00e9ment, offrant des performances dignes d\u2019un pizzaiolo professionnel, directement chez vous.<\/p>\n<p>Fabriqu\u00e9 avec des mat\u00e9riaux techniques haute r\u00e9sistance, il est parfaitement adapt\u00e9 \u00e0 une utilisation en ext\u00e9rieur, mais trouve aussi sa place dans une v\u00e9randa ou une cuisine d\u2019ext\u00e9rieur. <\/p>\n<p>Disponible en trois dimensions, pour s\u2019adapter \u00e0 votre espace et au nombre de convives:<\/p>\n<ul>\n<li>2 pizzas | 1 \u00e0 2 kg de pain par fourn\u00e9e<\/li>\n<li>4 pizzas | 2 \u00e0 3 kg de pain par fourn\u00e9e<\/li>\n<li>5 pizzas | 4 \u00e0 5 kg de pain par fourn\u00e9e<\/li>\n<\/ul>\n","protected":false},"excerpt":{"rendered":"<p>Le four \u00e0 pizza \u00e0 gaz con\u00e7u pour r\u00e9aliser des pizzas parfaites \u00e0 la maison.<br \/>La simplicit\u00e9 du gaz, associ\u00e9e au brevet Air Plus, vous permet d\u2019atteindre facilement 450 \u00b0C et d\u2019enfourner tous les styles de pizza, de la plus classique \u00e0 la plus exigeante. <\/p>\n","protected":false},"featured_media":9198,"template":"","meta":[],"product_brand":[],"product_cat":[345,347],"product_tag":[],"class_list":{"0":"post-9186","1":"product","2":"type-product","3":"status-publish","4":"has-post-thumbnail","6":"product_cat-fours","7":"product_cat-fours-a-pizza","9":"first","10":"instock","11":"purchasable","12":"product-type-variable","13":"has-default-attributes"},"_links":{"self":[{"href":"https:\/\/clementicompany.com\/fr\/wp-json\/wp\/v2\/product\/9186","targetHints":{"allow":["GET"]}}],"collection":[{"href":"https:\/\/clementicompany.com\/fr\/wp-json\/wp\/v2\/product"}],"about":[{"href":"https:\/\/clementicompany.com\/fr\/wp-json\/wp\/v2\/types\/product"}],"wp:featuredmedia":[{"embeddable":true,"href":"https:\/\/clementicompany.com\/fr\/wp-json\/wp\/v2\/media\/9198"}],"wp:attachment":[{"href":"https:\/\/clementicompany.com\/fr\/wp-json\/wp\/v2\/media?parent=9186"}],"wp:term":[{"taxonomy":"product_brand","embeddable":true,"href":"https:\/\/clementicompany.com\/fr\/wp-json\/wp\/v2\/product_brand?post=9186"},{"taxonomy":"product_cat","embeddable":true,"href":"https:\/\/clementicompany.com\/fr\/wp-json\/wp\/v2\/product_cat?post=9186"},{"taxonomy":"product_tag","embeddable":true,"href":"https:\/\/clementicompany.com\/fr\/wp-json\/wp\/v2\/product_tag?post=9186"}],"curies":[{"name":"wp","href":"https:\/\/api.w.org\/{rel}","templated":true}]}}