{"id":9125,"date":"2024-09-12T20:15:32","date_gmt":"2024-09-12T18:15:32","guid":{"rendered":"https:\/\/clementicompany.com\/prodotto\/gold-a-gaz\/"},"modified":"2026-02-17T17:19:54","modified_gmt":"2026-02-17T16:19:54","slug":"gold-a-gaz","status":"publish","type":"product","link":"https:\/\/clementicompany.com\/fr\/produits\/gold-a-gaz\/","title":{"rendered":"Gold \u00e0 gaz"},"content":{"rendered":"<p>\u00c9quip\u00e9 d\u2019un br\u00fbleur de 12 kW, le four Gold \u00e0 gaz Clementi atteint des temp\u00e9ratures \u00e9lev\u00e9es en un temps record (400\u00b0C en 20 \u00e0 25 minutes), garantissant une cuisson parfaite pour tous les styles de pizza, et bien au-del\u00e0.<\/p>\n<p>Le four permet de cuire jusqu\u2019\u00e0 <strong>5 pizzas simultan\u00e9ment en seulement 90 secondes<\/strong> et peut atteindre 500\u00b0C, id\u00e9al pour la pizza napolitaine DOC.<\/p>\n<p>Le four Gold \u00e0 gaz est disponible en trois formats, afin de s\u2019adapter \u00e0 toutes vos exigences de cuisson:<\/p>\n<ul>\n<li>2 pizzas | 1 \u00e0 2 kg de pain par fourn\u00e9e<\/li>\n<li>4 pizzas | 2 \u00e0 3 kg de pain par fourn\u00e9e<\/li>\n<li>5 pizzas | 4 \u00e0 5 kg de pain par fourn\u00e9e<\/li>\n<\/ul>\n","protected":false},"excerpt":{"rendered":"<p>La simplicit\u00e9 du gaz, les performances d\u2019un professionnel<br \/>\nLe four \u00e0 pizza \u00e0 gaz Gold est id\u00e9al pour ceux qui aiment la pizza maison sans renoncer \u00e0 la praticit\u00e9 du gaz.<br \/>\nParfait pour am\u00e9nager votre espace ext\u00e9rieur et partager toutes vos recettes, sans vous soucier du bois.<\/p>\n","protected":false},"featured_media":9139,"template":"","meta":[],"product_brand":[],"product_cat":[345,347],"product_tag":[],"class_list":{"0":"post-9125","1":"product","2":"type-product","3":"status-publish","4":"has-post-thumbnail","6":"product_cat-fours","7":"product_cat-fours-a-pizza","9":"first","10":"instock","11":"purchasable","12":"product-type-variable","13":"has-default-attributes"},"_links":{"self":[{"href":"https:\/\/clementicompany.com\/fr\/wp-json\/wp\/v2\/product\/9125","targetHints":{"allow":["GET"]}}],"collection":[{"href":"https:\/\/clementicompany.com\/fr\/wp-json\/wp\/v2\/product"}],"about":[{"href":"https:\/\/clementicompany.com\/fr\/wp-json\/wp\/v2\/types\/product"}],"wp:featuredmedia":[{"embeddable":true,"href":"https:\/\/clementicompany.com\/fr\/wp-json\/wp\/v2\/media\/9139"}],"wp:attachment":[{"href":"https:\/\/clementicompany.com\/fr\/wp-json\/wp\/v2\/media?parent=9125"}],"wp:term":[{"taxonomy":"product_brand","embeddable":true,"href":"https:\/\/clementicompany.com\/fr\/wp-json\/wp\/v2\/product_brand?post=9125"},{"taxonomy":"product_cat","embeddable":true,"href":"https:\/\/clementicompany.com\/fr\/wp-json\/wp\/v2\/product_cat?post=9125"},{"taxonomy":"product_tag","embeddable":true,"href":"https:\/\/clementicompany.com\/fr\/wp-json\/wp\/v2\/product_tag?post=9125"}],"curies":[{"name":"wp","href":"https:\/\/api.w.org\/{rel}","templated":true}]}}