{"id":9106,"date":"2024-09-12T20:45:38","date_gmt":"2024-09-12T18:45:38","guid":{"rendered":"https:\/\/clementicompany.com\/prodotto\/colorado\/"},"modified":"2026-02-17T16:29:50","modified_gmt":"2026-02-17T15:29:50","slug":"colorado","status":"publish","type":"product","link":"https:\/\/clementicompany.com\/fr\/produits\/colorado\/","title":{"rendered":"Colorado"},"content":{"rendered":"<p>Le barbecue \u00e0 bois professionnel id\u00e9al pour les grillades, mais aussi pour profiter pleinement de votre jardin en toutes saisons. Disponible en acier Corten ou en finition anthracite. <\/p>\n<p>Avec ses <strong>4 plaques en acier inoxydable 304 de 8 mm<\/strong>, le Colorado offre diff\u00e9rentes zones de cuisson :<br \/>puissance maximale vers l\u2019int\u00e9rieur, cuisson plus douce vers l\u2019ext\u00e9rieur. Vous pouvez ainsi pr\u00e9parer plusieurs recettes en m\u00eame temps. Des pi\u00e8ces de viande les plus juteuses aux aliments plus d\u00e9licats comme les l\u00e9gumes ou le poisson, rien n\u2019est impossible avec Colorado.  <\/p>\n<p><strong>Fabriqu\u00e9 en acier Corten<\/strong>, le Colorado est prot\u00e9g\u00e9 par une <strong>isolation en laine de roche<\/strong> sur ses quatre c\u00f4t\u00e9s. Cette protection suppl\u00e9mentaire le prot\u00e8ge davantage des flammes et constitue une excellente mesure de s\u00e9curit\u00e9 contre tout contact accidentel. <\/p>\n<p>Et pour les amateurs de grillade traditionnelle, aucun compromis : gr\u00e2ce \u00e0 la grille optionnelle en acier inoxydable 304, vous b\u00e9n\u00e9ficiez d\u2019une double cuisson \u2014 plancha et grille. Une solution \u00e9pique pour satisfaire tous les go\u00fbts et impressionner vos invit\u00e9s.  <\/p>\n","protected":false},"excerpt":{"rendered":"<p>Le barbecue vertical Colorado associe design \u00e9l\u00e9gant et performances \u00e9lev\u00e9es. Ses 4 plaques en acier inoxydable 304 cr\u00e9ent diff\u00e9rentes zones de cuisson, permettant de pr\u00e9parer plusieurs recettes simultan\u00e9ment, avec polyvalence et qualit\u00e9 \u00e0 chaque grillade. Parfait pour tous les espaces ext\u00e9rieurs.  <\/p>\n","protected":false},"featured_media":9107,"template":"","meta":[],"product_brand":[],"product_cat":[343],"product_tag":[],"class_list":{"0":"post-9106","1":"product","2":"type-product","3":"status-publish","4":"has-post-thumbnail","6":"product_cat-barbecue","8":"first","9":"instock","10":"purchasable","11":"product-type-variable","12":"has-default-attributes"},"_links":{"self":[{"href":"https:\/\/clementicompany.com\/fr\/wp-json\/wp\/v2\/product\/9106","targetHints":{"allow":["GET"]}}],"collection":[{"href":"https:\/\/clementicompany.com\/fr\/wp-json\/wp\/v2\/product"}],"about":[{"href":"https:\/\/clementicompany.com\/fr\/wp-json\/wp\/v2\/types\/product"}],"wp:featuredmedia":[{"embeddable":true,"href":"https:\/\/clementicompany.com\/fr\/wp-json\/wp\/v2\/media\/9107"}],"wp:attachment":[{"href":"https:\/\/clementicompany.com\/fr\/wp-json\/wp\/v2\/media?parent=9106"}],"wp:term":[{"taxonomy":"product_brand","embeddable":true,"href":"https:\/\/clementicompany.com\/fr\/wp-json\/wp\/v2\/product_brand?post=9106"},{"taxonomy":"product_cat","embeddable":true,"href":"https:\/\/clementicompany.com\/fr\/wp-json\/wp\/v2\/product_cat?post=9106"},{"taxonomy":"product_tag","embeddable":true,"href":"https:\/\/clementicompany.com\/fr\/wp-json\/wp\/v2\/product_tag?post=9106"}],"curies":[{"name":"wp","href":"https:\/\/api.w.org\/{rel}","templated":true}]}}